{"id":93,"date":"2017-05-01T05:58:27","date_gmt":"2017-05-01T05:58:27","guid":{"rendered":"http:\/\/dimbach-pfalz.de\/?page_id=93"},"modified":"2021-03-20T21:30:05","modified_gmt":"2021-03-20T21:30:05","slug":"dbhw-premiumwanderweg","status":"publish","type":"page","link":"http:\/\/dimbach-pfalz.de\/?page_id=93","title":{"rendered":"DBHW (Premiumwanderweg)"},"content":{"rendered":"<p style=\"text-align: center;\"><img loading=\"lazy\" decoding=\"async\" class=\"size-full wp-image-443 aligncenter\" src=\"http:\/\/dimbach-pfalz.de\/wp-content\/uploads\/2017\/06\/DBHW.jpg\" alt=\"\" width=\"150\" height=\"155\" \/><\/p>\n<div style=\"text-align: center;\"><span style=\"color: #ff0000;\">Leider ist in unserer kleinen Gemeinde das Parkplatzangebot aktuell sehr begrenzt und freie Pl\u00e4tze werden am Wochenende oft zur Mangelware.<\/span><\/div>\n<div style=\"text-align: center;\"><span style=\"color: #ff0000;\">Es gibt weder Parkgeb\u00fchren noch vorgeschriebene Haltezonen.<\/span><\/div>\n<div style=\"text-align: center;\"><span style=\"color: #ff0000;\"><strong>Bitte nehmen Sie deshalb R\u00fccksicht auf private Einfahrten und halten sie f\u00fcr eventuelle Rettungsfahrzeuge die Stra\u00dfen frei !<\/strong><\/span><\/div>\n<div style=\"text-align: center;\"><span style=\"color: #ff0000;\">Enge Stra\u00dfenstellen und versperrte Waldwege bedeuten im Ernstfall den entscheidenten Zeitverlust in Notf\u00e4llen und auch Sie als Gast k\u00f6nnten davon betroffen sein.<\/span><\/div>\n<div style=\"text-align: center;\"><span style=\"color: #ff0000;\">\u00a0 <strong>Die B\u00fcrgerinnen und B\u00fcrger unserer Heimatgemeinde danken es Ihnen !<\/strong><\/span><\/div>\n<p style=\"text-align: center;\">*********************<\/p>\n<p style=\"text-align: center;\">Bereits Anfang der 70er Jahre legte der Gemischte Chor Dimbach den Grundstein f\u00fcr die Erfolgsgeschichte des heutigen H\u00f6henweges. Der kurz zuvor gegr\u00fcndete Verein legte damals rund um Dimbach ein weitl\u00e4ufiges Wanderwegenetz an, aus dem der heutige<\/p>\n<div id=\"attachment_513\" style=\"width: 310px\" class=\"wp-caption alignleft\"><img loading=\"lazy\" decoding=\"async\" aria-describedby=\"caption-attachment-513\" class=\"wp-image-513 size-medium\" src=\"http:\/\/dimbach-pfalz.de\/wp-content\/uploads\/2017\/05\/DSCF0248-300x225.jpg\" alt=\"\" width=\"300\" height=\"225\" \/><p id=\"caption-attachment-513\" class=\"wp-caption-text\">(Foto: Thomas Funck)<\/p><\/div>\n<p style=\"text-align: center;\">Weg hervorgegangen ist.<\/p>\n<p style=\"text-align: center;\">Im Jahr 2013 wurde dann mit dem Dimbacher Buntsandstein H\u00f6henweg ein Premiumwanderweg im Rahmen des Tourismuskonzeptes der VG Hauenstein realisiert.<\/p>\n<p style=\"text-align: center;\">Bei einem bundesweiten Wettbewerb \u201eDeutschlands sch\u00f6nster Wanderweg\u201c konnte er im Jahr 2016 einen hervorragenden 6. Platz erreichen.<\/p>\n<div id=\"attachment_515\" style=\"width: 235px\" class=\"wp-caption alignright\"><img loading=\"lazy\" decoding=\"async\" aria-describedby=\"caption-attachment-515\" class=\"wp-image-515 size-medium\" src=\"http:\/\/dimbach-pfalz.de\/wp-content\/uploads\/2017\/05\/DSCF0289-e1497771334730-225x300.jpg\" alt=\"\" width=\"225\" height=\"300\" \/><p id=\"caption-attachment-515\" class=\"wp-caption-text\">(Foto: Thomas Funck)<\/p><\/div>\n<p style=\"text-align: center;\">Bereits bei der Erstzertifizierung war er einer der sch\u00f6nsten Pf\u00e4lzer Premiumwege und konnte 2016 aufgrund weiterer Ma\u00dfnahmen nochmals diese Aufwertung erreichen.<\/p>\n<p style=\"text-align: center;\">Auch in den n\u00e4chsten Jahren soll die Attraktivit\u00e4t weiter gesteigert werden. In Zusammenarbeit mit der Universit\u00e4t Kaiserslautern wurde ein Konzept entwickelt einen in unserer Region einzigartigen geologischen Lehrpfad zu schaffen.<\/p>\n<p style=\"text-align: center;\">Der Dimbacher Buntsandstein H\u00f6henweg z\u00e4hlt bereits heute zu den 50 sch\u00f6nsten Wanderrouten der Republik !<\/p>\n<p><!--more--><\/p>\n<p style=\"text-align: center;\"><strong>Ausblicke<\/strong><\/p>\n<div id=\"attachment_521\" style=\"width: 594px\" class=\"wp-caption aligncenter\"><img loading=\"lazy\" decoding=\"async\" aria-describedby=\"caption-attachment-521\" class=\"wp-image-521 size-large\" src=\"http:\/\/dimbach-pfalz.de\/wp-content\/uploads\/2017\/05\/M59A6892-1024x683.jpg\" alt=\"\" width=\"584\" height=\"390\" \/><p id=\"caption-attachment-521\" class=\"wp-caption-text\">Vorderes Dimbergmassiv (Foto: Stephanie Ser)<\/p><\/div>\n<div id=\"attachment_516\" style=\"width: 594px\" class=\"wp-caption aligncenter\"><img loading=\"lazy\" decoding=\"async\" aria-describedby=\"caption-attachment-516\" class=\"wp-image-516 size-large\" src=\"http:\/\/dimbach-pfalz.de\/wp-content\/uploads\/2017\/05\/DSCF0218-1024x768.jpg\" alt=\"\" width=\"584\" height=\"438\" \/><p id=\"caption-attachment-516\" class=\"wp-caption-text\">Blick auf die Geiersteine (Foto: Thomas Funck)<\/p><\/div>\n<div id=\"attachment_512\" style=\"width: 594px\" class=\"wp-caption aligncenter\"><img loading=\"lazy\" decoding=\"async\" aria-describedby=\"caption-attachment-512\" class=\"wp-image-512 size-large\" src=\"http:\/\/dimbach-pfalz.de\/wp-content\/uploads\/2017\/05\/09-Dimberg-auf-Trifels-1024x770.jpg\" alt=\"\" width=\"584\" height=\"439\" \/><p id=\"caption-attachment-512\" class=\"wp-caption-text\">Blick auf Burg Trifels (Foto: Thomas Funck)<\/p><\/div>\n<div id=\"attachment_514\" style=\"width: 594px\" class=\"wp-caption aligncenter\"><img loading=\"lazy\" decoding=\"async\" aria-describedby=\"caption-attachment-514\" class=\"wp-image-514 size-large\" src=\"http:\/\/dimbach-pfalz.de\/wp-content\/uploads\/2017\/05\/DSCF0299-1024x768.jpg\" alt=\"\" width=\"584\" height=\"438\" \/><p id=\"caption-attachment-514\" class=\"wp-caption-text\">Blick vom R\u00f6tzenfelsen (Foto: Thomas Funck)<\/p><\/div>\n<div id=\"attachment_519\" style=\"width: 594px\" class=\"wp-caption aligncenter\"><img loading=\"lazy\" decoding=\"async\" aria-describedby=\"caption-attachment-519\" class=\"wp-image-519 size-large\" src=\"http:\/\/dimbach-pfalz.de\/wp-content\/uploads\/2017\/05\/M59A3133-1024x683.jpg\" alt=\"\" width=\"584\" height=\"390\" \/><p id=\"caption-attachment-519\" class=\"wp-caption-text\">R\u00f6tzenfelsen (Foto: Stephanie Ser)<\/p><\/div>\n<div id=\"attachment_518\" style=\"width: 594px\" class=\"wp-caption aligncenter\"><img loading=\"lazy\" decoding=\"async\" aria-describedby=\"caption-attachment-518\" class=\"wp-image-518 size-large\" src=\"http:\/\/dimbach-pfalz.de\/wp-content\/uploads\/2017\/05\/M59A0967a-1024x683.jpg\" alt=\"\" width=\"584\" height=\"390\" \/><p id=\"caption-attachment-518\" class=\"wp-caption-text\">Burgruine Lindelbrunn (Foto: Stephanie Ser)<\/p><\/div>\n<div id=\"attachment_520\" style=\"width: 594px\" class=\"wp-caption aligncenter\"><img loading=\"lazy\" decoding=\"async\" aria-describedby=\"caption-attachment-520\" class=\"wp-image-520 size-large\" src=\"http:\/\/dimbach-pfalz.de\/wp-content\/uploads\/2017\/05\/M59A4866-1024x683.jpg\" alt=\"\" width=\"584\" height=\"390\" \/><p id=\"caption-attachment-520\" class=\"wp-caption-text\">Sonnenaufgang am R\u00f6tzenberg (Foto: Stephanie Ser)<\/p><\/div>\n<div id=\"attachment_517\" style=\"width: 594px\" class=\"wp-caption aligncenter\"><img loading=\"lazy\" decoding=\"async\" aria-describedby=\"caption-attachment-517\" class=\"wp-image-517 size-large\" src=\"http:\/\/dimbach-pfalz.de\/wp-content\/uploads\/2017\/05\/DSCF0329-1024x768.jpg\" alt=\"\" width=\"584\" height=\"438\" \/><p id=\"caption-attachment-517\" class=\"wp-caption-text\">Blick vom K\u00fchungerfelsen (Foto: Thomas Funck)<\/p><\/div>\n","protected":false},"excerpt":{"rendered":"<p>Leider ist in unserer kleinen Gemeinde das Parkplatzangebot aktuell sehr begrenzt und freie Pl\u00e4tze werden am Wochenende oft zur Mangelware. Es gibt weder Parkgeb\u00fchren noch vorgeschriebene Haltezonen. Bitte nehmen Sie deshalb R\u00fccksicht auf private Einfahrten und halten sie f\u00fcr eventuelle &hellip; <a href=\"http:\/\/dimbach-pfalz.de\/?page_id=93\">Weiterlesen <span class=\"meta-nav\">&rarr;<\/span><\/a><\/p>\n","protected":false},"author":1,"featured_media":0,"parent":91,"menu_order":1,"comment_status":"closed","ping_status":"closed","template":"","meta":{"footnotes":""},"_links":{"self":[{"href":"http:\/\/dimbach-pfalz.de\/index.php?rest_route=\/wp\/v2\/pages\/93"}],"collection":[{"href":"http:\/\/dimbach-pfalz.de\/index.php?rest_route=\/wp\/v2\/pages"}],"about":[{"href":"http:\/\/dimbach-pfalz.de\/index.php?rest_route=\/wp\/v2\/types\/page"}],"author":[{"embeddable":true,"href":"http:\/\/dimbach-pfalz.de\/index.php?rest_route=\/wp\/v2\/users\/1"}],"replies":[{"embeddable":true,"href":"http:\/\/dimbach-pfalz.de\/index.php?rest_route=%2Fwp%2Fv2%2Fcomments&post=93"}],"version-history":[{"count":12,"href":"http:\/\/dimbach-pfalz.de\/index.php?rest_route=\/wp\/v2\/pages\/93\/revisions"}],"predecessor-version":[{"id":1367,"href":"http:\/\/dimbach-pfalz.de\/index.php?rest_route=\/wp\/v2\/pages\/93\/revisions\/1367"}],"up":[{"embeddable":true,"href":"http:\/\/dimbach-pfalz.de\/index.php?rest_route=\/wp\/v2\/pages\/91"}],"wp:attachment":[{"href":"http:\/\/dimbach-pfalz.de\/index.php?rest_route=%2Fwp%2Fv2%2Fmedia&parent=93"}],"curies":[{"name":"wp","href":"https:\/\/api.w.org\/{rel}","templated":true}]}}