{"id":87,"date":"2017-06-01T05:56:12","date_gmt":"2017-06-01T05:56:12","guid":{"rendered":"http:\/\/dimbach-pfalz.de\/?page_id=87"},"modified":"2024-08-15T08:30:07","modified_gmt":"2024-08-15T08:30:07","slug":"waldbauverein","status":"publish","type":"page","link":"http:\/\/dimbach-pfalz.de\/?page_id=87","title":{"rendered":"Waldbauverein &#8222;Oberes Rinnbachtal&#8220;"},"content":{"rendered":"<p style=\"text-align: center;\">Der Verein besteht nunmehr seit mehr als 40 Jahren und ist ein Zusammenschluss aus den einzelnen Ortsgemeinden Darstein, Dimbach, Lug und Schwanheim.<\/p>\n<p style=\"text-align: center;\">Er unterst\u00fctzt die privaten Waldbestitzer bei der Vermarktung aus Holzeinschlag und bei der Aufforstung.<\/p>\n<p style=\"text-align: center;\">Weiterhin werden j\u00e4hrliche Informationsveranstaltungen und Ausfl\u00fcge f\u00fcr die Mitglieder angeboten.<\/p>\n<p style=\"text-align: center;\"><a href=\"http:\/\/waldbauverein-oberes-rinnbachtal.de\/Startseite\/\">http:\/\/waldbauverein-oberes-rinnbachtal.de\/Startseite\/<\/a><\/p>\n<p style=\"text-align: center;\"><!--more--><\/p>\n<p style=\"text-align: center;\"><strong>Ansprechpartner<\/strong><\/p>\n<p style=\"text-align: center;\"><!--more--><\/p>\n<p style=\"text-align: center;\">1. Vorstand: Johannes Becker, Tel.: 0152-28851541<\/p>\n<p style=\"text-align: center;\">oder<\/p>\n<p style=\"text-align: center;\">Obmann f\u00fcr Dimbach Thomas Funck, Tel.: 06392-409327<\/p>\n<p style=\"text-align: center;\"><!--more--><\/p>\n<table border=\"0\" width=\"100%\" cellspacing=\"3\" cellpadding=\"3\">\n<tbody>\n<tr>\n<td><\/td>\n<td><\/td>\n<\/tr>\n<\/tbody>\n<\/table>\n","protected":false},"excerpt":{"rendered":"<p>Der Verein besteht nunmehr seit mehr als 40 Jahren und ist ein Zusammenschluss aus den einzelnen Ortsgemeinden Darstein, Dimbach, Lug und Schwanheim. Er unterst\u00fctzt die privaten Waldbestitzer bei der Vermarktung aus Holzeinschlag und bei der Aufforstung. Weiterhin werden j\u00e4hrliche Informationsveranstaltungen &hellip; <a href=\"http:\/\/dimbach-pfalz.de\/?page_id=87\">Weiterlesen <span class=\"meta-nav\">&rarr;<\/span><\/a><\/p>\n","protected":false},"author":1,"featured_media":0,"parent":74,"menu_order":5,"comment_status":"closed","ping_status":"closed","template":"","meta":{"footnotes":""},"_links":{"self":[{"href":"http:\/\/dimbach-pfalz.de\/index.php?rest_route=\/wp\/v2\/pages\/87"}],"collection":[{"href":"http:\/\/dimbach-pfalz.de\/index.php?rest_route=\/wp\/v2\/pages"}],"about":[{"href":"http:\/\/dimbach-pfalz.de\/index.php?rest_route=\/wp\/v2\/types\/page"}],"author":[{"embeddable":true,"href":"http:\/\/dimbach-pfalz.de\/index.php?rest_route=\/wp\/v2\/users\/1"}],"replies":[{"embeddable":true,"href":"http:\/\/dimbach-pfalz.de\/index.php?rest_route=%2Fwp%2Fv2%2Fcomments&post=87"}],"version-history":[{"count":5,"href":"http:\/\/dimbach-pfalz.de\/index.php?rest_route=\/wp\/v2\/pages\/87\/revisions"}],"predecessor-version":[{"id":1701,"href":"http:\/\/dimbach-pfalz.de\/index.php?rest_route=\/wp\/v2\/pages\/87\/revisions\/1701"}],"up":[{"embeddable":true,"href":"http:\/\/dimbach-pfalz.de\/index.php?rest_route=\/wp\/v2\/pages\/74"}],"wp:attachment":[{"href":"http:\/\/dimbach-pfalz.de\/index.php?rest_route=%2Fwp%2Fv2%2Fmedia&parent=87"}],"curies":[{"name":"wp","href":"https:\/\/api.w.org\/{rel}","templated":true}]}}