{"id":84,"date":"2017-01-01T05:55:51","date_gmt":"2017-01-01T05:55:51","guid":{"rendered":"http:\/\/dimbach-pfalz.de\/?page_id=84"},"modified":"2017-06-14T13:21:12","modified_gmt":"2017-06-14T13:21:12","slug":"krankenpflegeverein","status":"publish","type":"page","link":"http:\/\/dimbach-pfalz.de\/?page_id=84","title":{"rendered":"Krankenpflegeverein"},"content":{"rendered":"<p style=\"text-align: center;\">Unterst\u00fctzt die Arbeit der Sozialstation und f\u00fchrt j\u00e4hrlich einen Seniorennachmittag im Dorfgemeinschaftshaus durch.<\/p>\n<p style=\"text-align: center;\"><!--more--><\/p>\n<p style=\"text-align: center;\"><strong>Ansprechpartner<\/strong><\/p>\n<p style=\"text-align: center;\">Vorstand:\u00a0 Gisela Silbernagel,\u00a0 Tel.: 06392-7620<\/p>\n<div id=\"attachment_370\" style=\"width: 535px\" class=\"wp-caption aligncenter\"><img loading=\"lazy\" decoding=\"async\" aria-describedby=\"caption-attachment-370\" class=\"wp-image-370 size-full\" src=\"http:\/\/dimbach-pfalz.de\/wp-content\/uploads\/2017\/06\/Bote-1.jpg\" alt=\"\" width=\"525\" height=\"387\" srcset=\"http:\/\/dimbach-pfalz.de\/wp-content\/uploads\/2017\/06\/Bote-1.jpg 525w, http:\/\/dimbach-pfalz.de\/wp-content\/uploads\/2017\/06\/Bote-1-300x221.jpg 300w, http:\/\/dimbach-pfalz.de\/wp-content\/uploads\/2017\/06\/Bote-1-407x300.jpg 407w\" sizes=\"(max-width: 525px) 100vw, 525px\" \/><p id=\"caption-attachment-370\" class=\"wp-caption-text\">Seniorennachmittag 2016<\/p><\/div>\n<div id=\"attachment_371\" style=\"width: 650px\" class=\"wp-caption aligncenter\"><img loading=\"lazy\" decoding=\"async\" aria-describedby=\"caption-attachment-371\" class=\"wp-image-371 size-full\" src=\"http:\/\/dimbach-pfalz.de\/wp-content\/uploads\/2017\/06\/DSC00023.jpg\" alt=\"\" width=\"640\" height=\"480\" srcset=\"http:\/\/dimbach-pfalz.de\/wp-content\/uploads\/2017\/06\/DSC00023.jpg 640w, http:\/\/dimbach-pfalz.de\/wp-content\/uploads\/2017\/06\/DSC00023-300x225.jpg 300w, http:\/\/dimbach-pfalz.de\/wp-content\/uploads\/2017\/06\/DSC00023-400x300.jpg 400w\" sizes=\"(max-width: 640px) 100vw, 640px\" \/><p id=\"caption-attachment-371\" class=\"wp-caption-text\">Seniorennachmittag 2016<\/p><\/div>\n<p style=\"text-align: center;\"><!--more--><\/p>\n","protected":false},"excerpt":{"rendered":"<p>Unterst\u00fctzt die Arbeit der Sozialstation und f\u00fchrt j\u00e4hrlich einen Seniorennachmittag im Dorfgemeinschaftshaus durch.<\/p>\n","protected":false},"author":1,"featured_media":0,"parent":74,"menu_order":4,"comment_status":"closed","ping_status":"closed","template":"","meta":{"footnotes":""},"_links":{"self":[{"href":"http:\/\/dimbach-pfalz.de\/index.php?rest_route=\/wp\/v2\/pages\/84"}],"collection":[{"href":"http:\/\/dimbach-pfalz.de\/index.php?rest_route=\/wp\/v2\/pages"}],"about":[{"href":"http:\/\/dimbach-pfalz.de\/index.php?rest_route=\/wp\/v2\/types\/page"}],"author":[{"embeddable":true,"href":"http:\/\/dimbach-pfalz.de\/index.php?rest_route=\/wp\/v2\/users\/1"}],"replies":[{"embeddable":true,"href":"http:\/\/dimbach-pfalz.de\/index.php?rest_route=%2Fwp%2Fv2%2Fcomments&post=84"}],"version-history":[{"count":4,"href":"http:\/\/dimbach-pfalz.de\/index.php?rest_route=\/wp\/v2\/pages\/84\/revisions"}],"predecessor-version":[{"id":375,"href":"http:\/\/dimbach-pfalz.de\/index.php?rest_route=\/wp\/v2\/pages\/84\/revisions\/375"}],"up":[{"embeddable":true,"href":"http:\/\/dimbach-pfalz.de\/index.php?rest_route=\/wp\/v2\/pages\/74"}],"wp:attachment":[{"href":"http:\/\/dimbach-pfalz.de\/index.php?rest_route=%2Fwp%2Fv2%2Fmedia&parent=84"}],"curies":[{"name":"wp","href":"https:\/\/api.w.org\/{rel}","templated":true}]}}