{"id":78,"date":"2016-06-01T05:54:07","date_gmt":"2016-06-01T05:54:07","guid":{"rendered":"http:\/\/dimbach-pfalz.de\/?page_id=78"},"modified":"2019-08-21T07:05:21","modified_gmt":"2019-08-21T07:05:21","slug":"gemischter-chor","status":"publish","type":"page","link":"http:\/\/dimbach-pfalz.de\/?page_id=78","title":{"rendered":"Gemischter Chor Dimbach e.V."},"content":{"rendered":"<p><img loading=\"lazy\" decoding=\"async\" class=\"wp-image-738 size-medium aligncenter\" src=\"http:\/\/dimbach-pfalz.de\/wp-content\/uploads\/2016\/06\/18-02-18-Chor-Logo-300x147.jpg\" alt=\"\" width=\"300\" height=\"147\" srcset=\"http:\/\/dimbach-pfalz.de\/wp-content\/uploads\/2016\/06\/18-02-18-Chor-Logo-300x147.jpg 300w, http:\/\/dimbach-pfalz.de\/wp-content\/uploads\/2016\/06\/18-02-18-Chor-Logo-768x375.jpg 768w, http:\/\/dimbach-pfalz.de\/wp-content\/uploads\/2016\/06\/18-02-18-Chor-Logo-1024x500.jpg 1024w, http:\/\/dimbach-pfalz.de\/wp-content\/uploads\/2016\/06\/18-02-18-Chor-Logo-500x244.jpg 500w\" sizes=\"(max-width: 300px) 100vw, 300px\" \/><\/p>\n<h4 style=\"text-align: center;\">Wurde 1969 gegr\u00fcndet und ist einer der \u00e4ltesten Kulturtr\u00e4ger im Ort.<\/h4>\n<h4 style=\"text-align: center;\">Neben zahlreichen Gastauftritten bringt sich der Chor bei Veranstaltungen in der Orts- und Kirchengemeinde ein und f\u00fchrt selbst auch zahlreiche Feste durch.<\/h4>\n<p><!--more--><\/p>\n<p style=\"text-align: center;\">Anfang der 70er Jahre war der Chor ebenfalls verantwortlich f\u00fcr viele Wanderwege rund um Dimbach. Diese hat man damals neu angelegt und mit viel Gemeinschaftssinn sowie\u00a0 ehrenamtlichem Engagement \u00fcber die Jahre erhalten und gepflegt.\u00a0\u00a0\u00a0\u00a0\u00a0\u00a0\u00a0\u00a0\u00a0\u00a0\u00a0\u00a0\u00a0\u00a0\u00a0\u00a0\u00a0\u00a0\u00a0\u00a0\u00a0\u00a0\u00a0\u00a0\u00a0\u00a0\u00a0\u00a0\u00a0\u00a0\u00a0\u00a0\u00a0 F\u00fcr den 2013 daraus entstandene Dimbacher Buntsandstein H\u00f6henweg wurde so fr\u00fchzeitig der Grundstein f\u00fcr seine heutige Erfolgsgeschichte gelegt.<\/p>\n<p style=\"text-align: center;\"><!--more-->Seit 2015 besteht eine Singgemeinschaft mit dem gemischten Chor aus Lug und man trifft sich w\u00f6chentlich immer am <strong>Montag um 19:30 Uhr<\/strong> im Dimbacher Dorfgemeinschaftshaus zu den \u00dcbungsstunden.<\/p>\n<h4 style=\"text-align: center;\">\u00a0 Wer gem\u00fctliche Geselligkeit sucht und gerne singt ist herzlich willkommen !<\/h4>\n<p><!--more--><\/p>\n<p style=\"text-align: center;\"><strong>Anprechpartner<\/strong><\/p>\n<p style=\"text-align: center;\">Vorstand Hans Heft, Tel.: 06392-2552<\/p>\n<div id=\"attachment_1031\" style=\"width: 594px\" class=\"wp-caption aligncenter\"><img loading=\"lazy\" decoding=\"async\" aria-describedby=\"caption-attachment-1031\" class=\"wp-image-1031 size-large\" src=\"http:\/\/dimbach-pfalz.de\/wp-content\/uploads\/2019\/08\/19-08-20-Chorgemeinschaft-1024x663.jpg\" alt=\"\" width=\"584\" height=\"378\" \/><p id=\"caption-attachment-1031\" class=\"wp-caption-text\">Die Chorgemeinschaft Lug\/Dimbach bei Jubil\u00e4umskonzert zum 50 j\u00e4hrigen Vereinsgeburtstag des Gemischten Chores Dimbach (Foto:Tobias Funck)<\/p><\/div>\n<p>\u00a0<\/p>\n<div id=\"attachment_1032\" style=\"width: 594px\" class=\"wp-caption aligncenter\"><img loading=\"lazy\" decoding=\"async\" aria-describedby=\"caption-attachment-1032\" class=\"wp-image-1032 size-large\" src=\"http:\/\/dimbach-pfalz.de\/wp-content\/uploads\/2019\/08\/19-08-18-Chor_Gr\u00fcndugsmitglieder-1024x683.jpg\" alt=\"\" width=\"584\" height=\"390\" \/><p id=\"caption-attachment-1032\" class=\"wp-caption-text\">Ehrung der aktiven Gr\u00fcndungsmitglieder beim Vereinsjubil\u00e4um 2019 v.l.: Vorstand Heft, Werner Keyser, Gerlinde Seibel, Willi und Herbert Seibert mit Ortsb\u00fcrgermeister Thomas Funck. (Foto:MM)<\/p><\/div>\n<p>\u00a0<\/p>\n<div id=\"attachment_773\" style=\"width: 594px\" class=\"wp-caption aligncenter\"><img loading=\"lazy\" decoding=\"async\" aria-describedby=\"caption-attachment-773\" class=\"wp-image-773 size-large\" src=\"http:\/\/dimbach-pfalz.de\/wp-content\/uploads\/2018\/07\/IMG_4153-1024x768.jpg\" alt=\"\" width=\"584\" height=\"438\" \/><p id=\"caption-attachment-773\" class=\"wp-caption-text\">Sommerkonzert 2018 unter dem Motto: &#8222;Sing and Swing&#8220; in der Dimbacher Kirche (Foto: Thomas Funck)<\/p><\/div>\n<p>\u00a0<\/p>\n<div id=\"attachment_230\" style=\"width: 594px\" class=\"wp-caption aligncenter\"><img loading=\"lazy\" decoding=\"async\" aria-describedby=\"caption-attachment-230\" class=\"wp-image-230 size-large\" src=\"http:\/\/dimbach-pfalz.de\/wp-content\/uploads\/2016\/02\/DSCF7113-1024x768.jpg\" alt=\"\" width=\"584\" height=\"438\" \/><p id=\"caption-attachment-230\" class=\"wp-caption-text\">Landesgartenschau Landau<\/p><\/div>\n<p>\u00a0<\/p>\n<div id=\"attachment_186\" style=\"width: 594px\" class=\"wp-caption aligncenter\"><img loading=\"lazy\" decoding=\"async\" aria-describedby=\"caption-attachment-186\" class=\"wp-image-186 size-large\" src=\"http:\/\/dimbach-pfalz.de\/wp-content\/uploads\/2017\/06\/17-06-01-ASV-3-1024x683.jpg\" alt=\"\" width=\"584\" height=\"390\" srcset=\"http:\/\/dimbach-pfalz.de\/wp-content\/uploads\/2017\/06\/17-06-01-ASV-3-1024x683.jpg 1024w, http:\/\/dimbach-pfalz.de\/wp-content\/uploads\/2017\/06\/17-06-01-ASV-3-300x200.jpg 300w, http:\/\/dimbach-pfalz.de\/wp-content\/uploads\/2017\/06\/17-06-01-ASV-3-768x512.jpg 768w, http:\/\/dimbach-pfalz.de\/wp-content\/uploads\/2017\/06\/17-06-01-ASV-3-450x300.jpg 450w\" sizes=\"(max-width: 584px) 100vw, 584px\" \/><p id=\"caption-attachment-186\" class=\"wp-caption-text\">Auftritt zum Jubil\u00e4um des ASV Lug\/Dimbach (Foto: Thomas Funck)<\/p><\/div>\n<p>\u00a0<\/p>\n<div id=\"attachment_174\" style=\"width: 594px\" class=\"wp-caption aligncenter\"><img loading=\"lazy\" decoding=\"async\" aria-describedby=\"caption-attachment-174\" class=\"wp-image-174 size-large\" src=\"http:\/\/dimbach-pfalz.de\/wp-content\/uploads\/2017\/06\/17-06-01-Chor-7-1024x768.jpg\" alt=\"\" width=\"584\" height=\"438\" \/><p id=\"caption-attachment-174\" class=\"wp-caption-text\">40 Jahre Chor &#8211; Ehrungen (Foto: Thomas Funck)<\/p><\/div>\n<p>\u00a0<\/p>\n<div id=\"attachment_171\" style=\"width: 594px\" class=\"wp-caption aligncenter\"><img loading=\"lazy\" decoding=\"async\" aria-describedby=\"caption-attachment-171\" class=\"wp-image-171 size-large\" src=\"http:\/\/dimbach-pfalz.de\/wp-content\/uploads\/2017\/06\/17-06-01-Chor-3-1024x768.jpg\" alt=\"\" width=\"584\" height=\"438\" \/><p id=\"caption-attachment-171\" class=\"wp-caption-text\">40 Jahre Chor &#8211; Gemischter Chor Lug (Foto: Thomas Funck)<\/p><\/div>\n<p>\u00a0<\/p>\n<div id=\"attachment_169\" style=\"width: 594px\" class=\"wp-caption aligncenter\"><img loading=\"lazy\" decoding=\"async\" aria-describedby=\"caption-attachment-169\" class=\"wp-image-169 size-large\" src=\"http:\/\/dimbach-pfalz.de\/wp-content\/uploads\/2017\/06\/17-06-01-Chor-1-1024x768.jpg\" alt=\"\" width=\"584\" height=\"438\" \/><p id=\"caption-attachment-169\" class=\"wp-caption-text\">40 Jahre Chor &#8211; Fl\u00f6tengruppe (Foto: Thomas Funck)<\/p><\/div>\n\n\n<figure class=\"wp-block-image\"><img loading=\"lazy\" decoding=\"async\" width=\"1024\" height=\"806\" src=\"http:\/\/dimbach-pfalz.de\/wp-content\/uploads\/2019\/08\/11-Gruppenfoto-2-1024x806.jpg\" alt=\"\" class=\"wp-image-1041\" srcset=\"http:\/\/dimbach-pfalz.de\/wp-content\/uploads\/2019\/08\/11-Gruppenfoto-2-1024x806.jpg 1024w, http:\/\/dimbach-pfalz.de\/wp-content\/uploads\/2019\/08\/11-Gruppenfoto-2-300x236.jpg 300w, http:\/\/dimbach-pfalz.de\/wp-content\/uploads\/2019\/08\/11-Gruppenfoto-2-768x605.jpg 768w, http:\/\/dimbach-pfalz.de\/wp-content\/uploads\/2019\/08\/11-Gruppenfoto-2-381x300.jpg 381w\" sizes=\"(max-width: 1024px) 100vw, 1024px\" \/><figcaption>Gemischter Chor im Jahr 2004 (Foto:TW)<\/figcaption><\/figure>\n\n\n\n<figure class=\"wp-block-image\"><img loading=\"lazy\" decoding=\"async\" width=\"1024\" height=\"730\" src=\"http:\/\/dimbach-pfalz.de\/wp-content\/uploads\/2019\/08\/11-Gruppenfoto-9-1024x730.jpg\" alt=\"\" class=\"wp-image-1043\" srcset=\"http:\/\/dimbach-pfalz.de\/wp-content\/uploads\/2019\/08\/11-Gruppenfoto-9-1024x730.jpg 1024w, http:\/\/dimbach-pfalz.de\/wp-content\/uploads\/2019\/08\/11-Gruppenfoto-9-300x214.jpg 300w, http:\/\/dimbach-pfalz.de\/wp-content\/uploads\/2019\/08\/11-Gruppenfoto-9-768x548.jpg 768w, http:\/\/dimbach-pfalz.de\/wp-content\/uploads\/2019\/08\/11-Gruppenfoto-9-421x300.jpg 421w\" sizes=\"(max-width: 1024px) 100vw, 1024px\" \/><figcaption>Gemischter Chor im Jahre 1970  (Foto: HW)<\/figcaption><\/figure>\n","protected":false},"excerpt":{"rendered":"<p>Wurde 1969 gegr\u00fcndet und ist einer der \u00e4ltesten Kulturtr\u00e4ger im Ort. Neben zahlreichen Gastauftritten bringt sich der Chor bei Veranstaltungen in der Orts- und Kirchengemeinde ein und f\u00fchrt selbst auch zahlreiche Feste durch.<\/p>\n","protected":false},"author":1,"featured_media":0,"parent":74,"menu_order":1,"comment_status":"closed","ping_status":"closed","template":"","meta":{"footnotes":""},"_links":{"self":[{"href":"http:\/\/dimbach-pfalz.de\/index.php?rest_route=\/wp\/v2\/pages\/78"}],"collection":[{"href":"http:\/\/dimbach-pfalz.de\/index.php?rest_route=\/wp\/v2\/pages"}],"about":[{"href":"http:\/\/dimbach-pfalz.de\/index.php?rest_route=\/wp\/v2\/types\/page"}],"author":[{"embeddable":true,"href":"http:\/\/dimbach-pfalz.de\/index.php?rest_route=\/wp\/v2\/users\/1"}],"replies":[{"embeddable":true,"href":"http:\/\/dimbach-pfalz.de\/index.php?rest_route=%2Fwp%2Fv2%2Fcomments&post=78"}],"version-history":[{"count":10,"href":"http:\/\/dimbach-pfalz.de\/index.php?rest_route=\/wp\/v2\/pages\/78\/revisions"}],"predecessor-version":[{"id":1044,"href":"http:\/\/dimbach-pfalz.de\/index.php?rest_route=\/wp\/v2\/pages\/78\/revisions\/1044"}],"up":[{"embeddable":true,"href":"http:\/\/dimbach-pfalz.de\/index.php?rest_route=\/wp\/v2\/pages\/74"}],"wp:attachment":[{"href":"http:\/\/dimbach-pfalz.de\/index.php?rest_route=%2Fwp%2Fv2%2Fmedia&parent=78"}],"curies":[{"name":"wp","href":"https:\/\/api.w.org\/{rel}","templated":true}]}}