{"id":70,"date":"2015-06-01T05:12:57","date_gmt":"2015-06-01T05:12:57","guid":{"rendered":"http:\/\/dimbach-pfalz.de\/?page_id=70"},"modified":"2024-09-16T08:54:51","modified_gmt":"2024-09-16T08:54:51","slug":"grillplatz","status":"publish","type":"page","link":"http:\/\/dimbach-pfalz.de\/?page_id=70","title":{"rendered":"Grillplatz"},"content":{"rendered":"\n<p>Der Grillplatz kann unter den aufgef\u00fchrten Nutzungsbedingungen angemietet werden. <\/p>\n\n\n<p><img loading=\"lazy\" decoding=\"async\" class=\"size-medium wp-image-490 alignright\" src=\"http:\/\/dimbach-pfalz.de\/wp-content\/uploads\/2017\/06\/image1-300x224.jpeg\" alt=\"\" width=\"300\" height=\"224\" \/><\/p>\n<p>Etwa 500 Meter oberhalb des Dorfes befindet sich ein Grillplatz mit einer Feuer- und Grillstelle. Weiterhin gibt es auch eine gro\u00dfe Schutzh\u00fctte mit Holzb\u00e4nken.<\/p>\n<p>Der Waldgrillplatz liegt im s\u00fcdlichen Seitental und ist aufgrund seiner Entfernung zum Ort der ideale Platz um ungest\u00f6rt ein paar sch\u00f6ne Stunden inmitten der Natur zu verbringen. <img loading=\"lazy\" decoding=\"async\" class=\"size-medium wp-image-491 alignright\" src=\"http:\/\/dimbach-pfalz.de\/wp-content\/uploads\/2017\/06\/image19-300x224.jpeg\" alt=\"\" width=\"300\" height=\"224\" \/><\/p>\n<p>Wer es einfach und ungezwungen mag ist hier genau richtig und kann gegen eine kleine Nutzungsgeb\u00fchr diesen Platz gerne reservieren.<\/p>\n<p><strong>Ansprechpartner:\u00a0\u00a0\u00a0\u00a0\u00a0\u00a0\u00a0\u00a0\u00a0\u00a0\u00a0\u00a0\u00a0\u00a0\u00a0\u00a0\u00a0\u00a0\u00a0\u00a0\u00a0\u00a0\u00a0\u00a0\u00a0\u00a0\u00a0\u00a0\u00a0\u00a0\u00a0\u00a0\u00a0\u00a0\u00a0\u00a0\u00a0\u00a0\u00a0\u00a0\u00a0\u00a0\u00a0\u00a0\u00a0\u00a0\u00a0\u00a0\u00a0\u00a0\u00a0\u00a0\u00a0\u00a0\u00a0\u00a0\u00a0\u00a0\u00a0\u00a0\u00a0\u00a0\u00a0\u00a0\u00a0\u00a0\u00a0\u00a0\u00a0\u00a0\u00a0\u00a0\u00a0\u00a0\u00a0\u00a0\u00a0\u00a0\u00a0\u00a0\u00a0\u00a0\u00a0\u00a0\u00a0 <\/strong>Ortsb\u00fcrgermeister Thomas Funck, Tel.: 06392-3858, E-Mail: dimbach(at)myquix.de<\/p>\n<p style=\"text-align: center;\"><img loading=\"lazy\" decoding=\"async\" class=\"aligncenter wp-image-1149 size-large\" src=\"http:\/\/dimbach-pfalz.de\/wp-content\/uploads\/2020\/07\/2020-Nutzungsbedingungen-Grillplatz-715x1024.jpg\" alt=\"\" width=\"584\" height=\"836\" \/><\/p>\n<\/p>","protected":false},"excerpt":{"rendered":"<p>Der Grillplatz kann unter den aufgef\u00fchrten Nutzungsbedingungen angemietet werden. Etwa 500 Meter oberhalb des Dorfes befindet sich ein Grillplatz mit einer Feuer- und Grillstelle. Weiterhin gibt es auch eine gro\u00dfe Schutzh\u00fctte mit Holzb\u00e4nken. Der Waldgrillplatz liegt im s\u00fcdlichen Seitental und &hellip; <a href=\"http:\/\/dimbach-pfalz.de\/?page_id=70\">Weiterlesen <span class=\"meta-nav\">&rarr;<\/span><\/a><\/p>\n","protected":false},"author":1,"featured_media":0,"parent":64,"menu_order":3,"comment_status":"closed","ping_status":"closed","template":"","meta":{"footnotes":""},"_links":{"self":[{"href":"http:\/\/dimbach-pfalz.de\/index.php?rest_route=\/wp\/v2\/pages\/70"}],"collection":[{"href":"http:\/\/dimbach-pfalz.de\/index.php?rest_route=\/wp\/v2\/pages"}],"about":[{"href":"http:\/\/dimbach-pfalz.de\/index.php?rest_route=\/wp\/v2\/types\/page"}],"author":[{"embeddable":true,"href":"http:\/\/dimbach-pfalz.de\/index.php?rest_route=\/wp\/v2\/users\/1"}],"replies":[{"embeddable":true,"href":"http:\/\/dimbach-pfalz.de\/index.php?rest_route=%2Fwp%2Fv2%2Fcomments&post=70"}],"version-history":[{"count":7,"href":"http:\/\/dimbach-pfalz.de\/index.php?rest_route=\/wp\/v2\/pages\/70\/revisions"}],"predecessor-version":[{"id":1717,"href":"http:\/\/dimbach-pfalz.de\/index.php?rest_route=\/wp\/v2\/pages\/70\/revisions\/1717"}],"up":[{"embeddable":true,"href":"http:\/\/dimbach-pfalz.de\/index.php?rest_route=\/wp\/v2\/pages\/64"}],"wp:attachment":[{"href":"http:\/\/dimbach-pfalz.de\/index.php?rest_route=%2Fwp%2Fv2%2Fmedia&parent=70"}],"curies":[{"name":"wp","href":"https:\/\/api.w.org\/{rel}","templated":true}]}}