{"id":68,"date":"2016-06-01T05:12:27","date_gmt":"2016-06-01T05:12:27","guid":{"rendered":"http:\/\/dimbach-pfalz.de\/?page_id=68"},"modified":"2022-08-18T12:45:22","modified_gmt":"2022-08-18T12:45:22","slug":"dorfgemeinschaftshaus","status":"publish","type":"page","link":"http:\/\/dimbach-pfalz.de\/?page_id=68","title":{"rendered":"Dorfgemeinschaftshaus"},"content":{"rendered":"<div id=\"attachment_572\" style=\"width: 310px\" class=\"wp-caption alignright\"><img loading=\"lazy\" decoding=\"async\" aria-describedby=\"caption-attachment-572\" class=\"wp-image-572 size-medium\" src=\"http:\/\/dimbach-pfalz.de\/wp-content\/uploads\/2016\/06\/DGH-300x205.jpg\" alt=\"\" width=\"300\" height=\"205\" srcset=\"http:\/\/dimbach-pfalz.de\/wp-content\/uploads\/2016\/06\/DGH-300x205.jpg 300w, http:\/\/dimbach-pfalz.de\/wp-content\/uploads\/2016\/06\/DGH-768x526.jpg 768w, http:\/\/dimbach-pfalz.de\/wp-content\/uploads\/2016\/06\/DGH-438x300.jpg 438w, http:\/\/dimbach-pfalz.de\/wp-content\/uploads\/2016\/06\/DGH.jpg 909w\" sizes=\"(max-width: 300px) 100vw, 300px\" \/><p id=\"caption-attachment-572\" class=\"wp-caption-text\">Foto: Stephanie Ser<\/p><\/div>\n<p>Das ehemalige Schulhaus wurde in den sechziger Jahren zum Dorfgemeinschaftshaus umgebaut und steht seitdem der \u00d6ffentlichkeit zur Verf\u00fcgung. In erster Linie wird es von den \u00f6rtlichen Vereinen genutzt, dient als Veranstaltungsort f\u00fcr kulturelle Anl\u00e4sse, beherbergt das Atelier einer Malerin und kann f\u00fcr private Feierlichkeiten angemietet werden.<\/p>\n<p><strong>Ansprechpartner f\u00fcr die Anmietung: <\/strong>Ortsb\u00fcrgermeister Funck Thomas, Tel.: 06392-3858 \/ E-Mail: dimbach(at)myquix.de<\/p>\n<div id=\"attachment_827\" style=\"width: 594px\" class=\"wp-caption alignnone\"><img loading=\"lazy\" decoding=\"async\" aria-describedby=\"caption-attachment-827\" class=\"wp-image-827 size-large\" src=\"http:\/\/dimbach-pfalz.de\/wp-content\/uploads\/2017\/06\/2018-DGH_Renovierung-1024x768.jpg\" alt=\"\" width=\"584\" height=\"438\" \/><p id=\"caption-attachment-827\" class=\"wp-caption-text\">Der Thekenraum wurde 2018 renoviert und mit einer neuen Schallschutzdecke sowie LED Beleuchtung versehen. Er bietet Platz f\u00fcr 30-35 Personen. (Foto: Thomas Funck)<\/p><\/div>\n<p><img loading=\"lazy\" decoding=\"async\" class=\"wp-image-1463 aligncenter\" src=\"http:\/\/dimbach-pfalz.de\/wp-content\/uploads\/2022\/08\/2022-K\u00fcche-DGH-1-300x225.jpg\" alt=\"\" width=\"347\" height=\"463\" \/><\/p>\n<p style=\"text-align: center;\">2019\/2020 wurde die K\u00fcche mit viel ehrenamtlichem Engagement renoviert und neu eingerichtet. Neben einer Industriesp\u00fclmaschine geh\u00f6ren ein E-Herd, ein K\u00fchlschrank mit Gefrierfach und eine weitere Sp\u00fclmaschine, sowie einige Kleinger\u00e4te zur Ausstattung. (Fotos: Thomas Funck) <img loading=\"lazy\" decoding=\"async\" class=\"wp-image-1461 aligncenter\" src=\"http:\/\/dimbach-pfalz.de\/wp-content\/uploads\/2022\/08\/2022-K\u00fcche-DGH-2-300x225.jpg\" alt=\"\" width=\"379\" height=\"284\" srcset=\"http:\/\/dimbach-pfalz.de\/wp-content\/uploads\/2022\/08\/2022-K\u00fcche-DGH-2-300x225.jpg 300w, http:\/\/dimbach-pfalz.de\/wp-content\/uploads\/2022\/08\/2022-K\u00fcche-DGH-2-768x576.jpg 768w, http:\/\/dimbach-pfalz.de\/wp-content\/uploads\/2022\/08\/2022-K\u00fcche-DGH-2-1024x768.jpg 1024w, http:\/\/dimbach-pfalz.de\/wp-content\/uploads\/2022\/08\/2022-K\u00fcche-DGH-2-400x300.jpg 400w, http:\/\/dimbach-pfalz.de\/wp-content\/uploads\/2022\/08\/2022-K\u00fcche-DGH-2.jpg 1632w\" sizes=\"(max-width: 379px) 100vw, 379px\" \/><\/p>\n<div id=\"attachment_459\" style=\"width: 594px\" class=\"wp-caption aligncenter\"><img loading=\"lazy\" decoding=\"async\" aria-describedby=\"caption-attachment-459\" class=\"wp-image-459 size-large\" src=\"http:\/\/dimbach-pfalz.de\/wp-content\/uploads\/2017\/06\/DSCF7006-1024x768.jpg\" alt=\"\" width=\"584\" height=\"438\" \/><p id=\"caption-attachment-459\" class=\"wp-caption-text\">Der zweite Raum ist r\u00e4umlich etwas gr\u00f6\u00dfer und bietet Platz f\u00fcr 40-50 Personen. (Foto: Thomas Funck)<\/p><\/div>\n","protected":false},"excerpt":{"rendered":"<p>Das ehemalige Schulhaus wurde in den sechziger Jahren zum Dorfgemeinschaftshaus umgebaut und steht seitdem der \u00d6ffentlichkeit zur Verf\u00fcgung. In erster Linie wird es von den \u00f6rtlichen Vereinen genutzt, dient als Veranstaltungsort f\u00fcr kulturelle Anl\u00e4sse, beherbergt das Atelier einer Malerin und &hellip; <a href=\"http:\/\/dimbach-pfalz.de\/?page_id=68\">Weiterlesen <span class=\"meta-nav\">&rarr;<\/span><\/a><\/p>\n","protected":false},"author":1,"featured_media":0,"parent":64,"menu_order":2,"comment_status":"closed","ping_status":"closed","template":"","meta":{"footnotes":""},"_links":{"self":[{"href":"http:\/\/dimbach-pfalz.de\/index.php?rest_route=\/wp\/v2\/pages\/68"}],"collection":[{"href":"http:\/\/dimbach-pfalz.de\/index.php?rest_route=\/wp\/v2\/pages"}],"about":[{"href":"http:\/\/dimbach-pfalz.de\/index.php?rest_route=\/wp\/v2\/types\/page"}],"author":[{"embeddable":true,"href":"http:\/\/dimbach-pfalz.de\/index.php?rest_route=\/wp\/v2\/users\/1"}],"replies":[{"embeddable":true,"href":"http:\/\/dimbach-pfalz.de\/index.php?rest_route=%2Fwp%2Fv2%2Fcomments&post=68"}],"version-history":[{"count":11,"href":"http:\/\/dimbach-pfalz.de\/index.php?rest_route=\/wp\/v2\/pages\/68\/revisions"}],"predecessor-version":[{"id":1466,"href":"http:\/\/dimbach-pfalz.de\/index.php?rest_route=\/wp\/v2\/pages\/68\/revisions\/1466"}],"up":[{"embeddable":true,"href":"http:\/\/dimbach-pfalz.de\/index.php?rest_route=\/wp\/v2\/pages\/64"}],"wp:attachment":[{"href":"http:\/\/dimbach-pfalz.de\/index.php?rest_route=%2Fwp%2Fv2%2Fmedia&parent=68"}],"curies":[{"name":"wp","href":"https:\/\/api.w.org\/{rel}","templated":true}]}}