{"id":66,"date":"2017-01-01T05:12:04","date_gmt":"2017-01-01T05:12:04","guid":{"rendered":"http:\/\/dimbach-pfalz.de\/?page_id=66"},"modified":"2023-07-18T07:05:43","modified_gmt":"2023-07-18T07:05:43","slug":"kita-und-schulen","status":"publish","type":"page","link":"http:\/\/dimbach-pfalz.de\/?page_id=66","title":{"rendered":"Kita und Schulen"},"content":{"rendered":"<h4>In Kooperation mit der Gemeinde Lug wird im dortigen Nachbarort die Kindertagesst\u00e4tte St. Anna unterhalten.<\/h4>\n<h4>Hier konnte in Zusammenarbeit der beiden Ortsgemeinden durch die \u00dcbernahme der Geb\u00e4udetr\u00e4gerschaft im Jahr 2016 der Erhalt langfristig sichergestellt werden.<\/h4>\n<h4>Ein kostenloser Bustransfer ist f\u00fcr die Kinder eingerichtet.<\/h4>\n<p><strong>Weitere Informationen unter: 06392-2271<\/strong><\/p>\n<h4><\/h4>\n<p><!--more--><\/p>\n<h4>Die Grundschule befindet sich in der Gemeinde Hauenstein und wird bereits seit einigen Jahren mit einer Ganztagesbetreuung angeboten.<\/h4>\n<p style=\"text-align: center;\"><a href=\"http:\/\/www.grundschule-hauenstein.de\" target=\"_blank\" rel=\"noopener\">http:\/\/www.grundschule-hauenstein.de<\/a><\/p>\n<h4 style=\"text-align: center;\">Weiterf\u00fchrende Schulen<\/h4>\n<h4><\/h4>\n<p><!--more--><\/p>\n<h4>Realschule Plus Wasgauschule Hauenstein<br \/>\n<a href=\"http:\/\/www.rs-plus-hauenstein.de\/\" target=\"_blank\" rel=\"noopener\">http:\/\/www.rs-plus-hauenstein.de\/<\/a><br \/>\nRealschule Plus Annweiler<br \/>\n<a href=\"https:\/\/www.realschule-plus-annweiler.de\/\" target=\"_blank\" rel=\"noopener\">https:\/\/www.realschule-plus-annweiler.de\/<\/a><br \/>\nTrifels-Gymnasium Annweiler<br \/>\n<a href=\"http:\/\/www.trifelsgymnasium.de\" target=\"_blank\" rel=\"noopener\">http:\/\/www.trifelsgymnasium.de<\/a><br \/>\nMaria-Ward-Gymnasium<br \/>\nund Realschule in Landau<\/h4>\n<h4><a href=\"https:\/\/www.mws-landau.de\/\" target=\"_blank\" rel=\"noopener\">https:\/\/www.mws-landau.de\/<\/a><\/h4>\n<h4>Integrierte Gesamtschule Landau<\/h4>\n<h4><a href=\"http:\/\/igs-landau.de\/\" target=\"_blank\" rel=\"noopener\">http:\/\/igs-landau.de\/<\/a><br \/>\nEduard-Spranger-Gymnasium Landau<\/h4>\n<h4><a href=\"http:\/\/www.esg-landau.de\/web\/\" target=\"_blank\" rel=\"noopener\">http:\/\/www.esg-landau.de\/web\/<\/a><br \/>\nMax-Slevogt-Gymnasium Landau<\/h4>\n<h4><a href=\"http:\/\/www.msg-landau.de\/startseite\/\" target=\"_blank\" rel=\"noopener\">http:\/\/www.msg-landau.de\/startseite\/<\/a><br \/>\nOtto-Hahn-Gymnasium Landau<\/h4>\n<h4><a href=\"http:\/\/www.ohg-landau.de\/cms\/\" target=\"_blank\" rel=\"noopener\">http:\/\/www.ohg-landau.de\/cms\/<\/a><\/h4>\n<h4>Realschule Plus Dahn<br \/>\n<a href=\"http:\/\/www.realschule-plus-dahn.de\" target=\"_blank\" rel=\"noopener\">http:\/\/www.realschule-plus-dahn.de<\/a><\/h4>\n<h4><\/h4>\n","protected":false},"excerpt":{"rendered":"<p>In Kooperation mit der Gemeinde Lug wird im dortigen Nachbarort die Kindertagesst\u00e4tte St. Anna unterhalten. Hier konnte in Zusammenarbeit der beiden Ortsgemeinden durch die \u00dcbernahme der Geb\u00e4udetr\u00e4gerschaft im Jahr 2016 der Erhalt langfristig sichergestellt werden. Ein kostenloser Bustransfer ist f\u00fcr &hellip; <a href=\"http:\/\/dimbach-pfalz.de\/?page_id=66\">Weiterlesen <span class=\"meta-nav\">&rarr;<\/span><\/a><\/p>\n","protected":false},"author":1,"featured_media":0,"parent":64,"menu_order":0,"comment_status":"closed","ping_status":"closed","template":"","meta":{"footnotes":""},"_links":{"self":[{"href":"http:\/\/dimbach-pfalz.de\/index.php?rest_route=\/wp\/v2\/pages\/66"}],"collection":[{"href":"http:\/\/dimbach-pfalz.de\/index.php?rest_route=\/wp\/v2\/pages"}],"about":[{"href":"http:\/\/dimbach-pfalz.de\/index.php?rest_route=\/wp\/v2\/types\/page"}],"author":[{"embeddable":true,"href":"http:\/\/dimbach-pfalz.de\/index.php?rest_route=\/wp\/v2\/users\/1"}],"replies":[{"embeddable":true,"href":"http:\/\/dimbach-pfalz.de\/index.php?rest_route=%2Fwp%2Fv2%2Fcomments&post=66"}],"version-history":[{"count":7,"href":"http:\/\/dimbach-pfalz.de\/index.php?rest_route=\/wp\/v2\/pages\/66\/revisions"}],"predecessor-version":[{"id":1568,"href":"http:\/\/dimbach-pfalz.de\/index.php?rest_route=\/wp\/v2\/pages\/66\/revisions\/1568"}],"up":[{"embeddable":true,"href":"http:\/\/dimbach-pfalz.de\/index.php?rest_route=\/wp\/v2\/pages\/64"}],"wp:attachment":[{"href":"http:\/\/dimbach-pfalz.de\/index.php?rest_route=%2Fwp%2Fv2%2Fmedia&parent=66"}],"curies":[{"name":"wp","href":"https:\/\/api.w.org\/{rel}","templated":true}]}}