{"id":57,"date":"2016-06-01T05:05:12","date_gmt":"2016-06-01T05:05:12","guid":{"rendered":"http:\/\/dimbach-pfalz.de\/?page_id=57"},"modified":"2024-02-20T12:56:23","modified_gmt":"2024-02-20T12:56:23","slug":"gesundheit","status":"publish","type":"page","link":"http:\/\/dimbach-pfalz.de\/?page_id=57","title":{"rendered":"Gesundheit"},"content":{"rendered":"<p>In den Grundzentren Hauenstein und Annweiler ist die \u00e4rztliche Versorgung im Bereich Allgemeinmedizin, Kinderarzt, Zahnarzt, Augenarzt und Tierarzt ausreichend abgedeckt. Au\u00dferdem bieten einige Allgemeinmediziner auch im Bedarfsfall die M\u00f6glichkeit von Hausbesuchen an. Ebenso ist die Medikamentenversorgung durch mehrere Apotheken in den Umlandgemeinden gew\u00e4hrleitet. Zus\u00e4tzlich befindet sich in beiden Grundzentren ein Rettungsdienst mit Einsatzfahrzeugen des DRK.<\/p>\n<p>Das n\u00e4chstgelegenen Krankenh\u00e4user befinden sich im 20 km entfernten Landau und Bad Bergzabern, sowie im 30 km entfernten Pirmasens.<\/p>\n<p>Sowohl in einigen Nachbargemeinden als auch in den beiden Grundzentren gibt es ein breites Angebot an Praxen f\u00fcr Physiotherapie und Krankengymnastik.<\/p>\n<p>Auch f\u00fcr den Bereich Pflegedienste gibt es zahlreiche Angebote im direkten Umfeld.<\/p>\n<p><em>Weitere Informationen finden Sie unter Kontakte <\/em><\/p>\n<p><em>\u00a0<\/em><\/p>\n","protected":false},"excerpt":{"rendered":"<p>In den Grundzentren Hauenstein und Annweiler ist die \u00e4rztliche Versorgung im Bereich Allgemeinmedizin, Kinderarzt, Zahnarzt, Augenarzt und Tierarzt ausreichend abgedeckt. Au\u00dferdem bieten einige Allgemeinmediziner auch im Bedarfsfall die M\u00f6glichkeit von Hausbesuchen an. Ebenso ist die Medikamentenversorgung durch mehrere Apotheken in &hellip; <a href=\"http:\/\/dimbach-pfalz.de\/?page_id=57\">Weiterlesen <span class=\"meta-nav\">&rarr;<\/span><\/a><\/p>\n","protected":false},"author":1,"featured_media":0,"parent":42,"menu_order":3,"comment_status":"closed","ping_status":"closed","template":"","meta":{"footnotes":""},"_links":{"self":[{"href":"http:\/\/dimbach-pfalz.de\/index.php?rest_route=\/wp\/v2\/pages\/57"}],"collection":[{"href":"http:\/\/dimbach-pfalz.de\/index.php?rest_route=\/wp\/v2\/pages"}],"about":[{"href":"http:\/\/dimbach-pfalz.de\/index.php?rest_route=\/wp\/v2\/types\/page"}],"author":[{"embeddable":true,"href":"http:\/\/dimbach-pfalz.de\/index.php?rest_route=\/wp\/v2\/users\/1"}],"replies":[{"embeddable":true,"href":"http:\/\/dimbach-pfalz.de\/index.php?rest_route=%2Fwp%2Fv2%2Fcomments&post=57"}],"version-history":[{"count":4,"href":"http:\/\/dimbach-pfalz.de\/index.php?rest_route=\/wp\/v2\/pages\/57\/revisions"}],"predecessor-version":[{"id":1648,"href":"http:\/\/dimbach-pfalz.de\/index.php?rest_route=\/wp\/v2\/pages\/57\/revisions\/1648"}],"up":[{"embeddable":true,"href":"http:\/\/dimbach-pfalz.de\/index.php?rest_route=\/wp\/v2\/pages\/42"}],"wp:attachment":[{"href":"http:\/\/dimbach-pfalz.de\/index.php?rest_route=%2Fwp%2Fv2%2Fmedia&parent=57"}],"curies":[{"name":"wp","href":"https:\/\/api.w.org\/{rel}","templated":true}]}}