{"id":53,"date":"2018-11-11T05:04:25","date_gmt":"2018-11-11T05:04:25","guid":{"rendered":"http:\/\/dimbach-pfalz.de\/?page_id=53"},"modified":"2024-02-11T18:12:12","modified_gmt":"2024-02-11T18:12:12","slug":"buergerliches-engagement","status":"publish","type":"page","link":"http:\/\/dimbach-pfalz.de\/?page_id=53","title":{"rendered":"B\u00fcrgerliches Engagement"},"content":{"rendered":"\n<p class=\"has-text-align-center\"> <p style=\"margin-bottom: 0cm\"><b><strong>K\u00fcchenrenovierung im Dorfgemeinschaftshaus<\/strong><\/b><\/p><\/p>\n\n\n\n<figure class=\"wp-block-image size-large\"><img loading=\"lazy\" decoding=\"async\" width=\"1024\" height=\"768\" src=\"http:\/\/dimbach-pfalz.de\/wp-content\/uploads\/2024\/02\/00-Alt-Neu-1-1024x768.jpg\" alt=\"\" class=\"wp-image-1631\" srcset=\"http:\/\/dimbach-pfalz.de\/wp-content\/uploads\/2024\/02\/00-Alt-Neu-1-1024x768.jpg 1024w, http:\/\/dimbach-pfalz.de\/wp-content\/uploads\/2024\/02\/00-Alt-Neu-1-300x225.jpg 300w, http:\/\/dimbach-pfalz.de\/wp-content\/uploads\/2024\/02\/00-Alt-Neu-1-768x576.jpg 768w, http:\/\/dimbach-pfalz.de\/wp-content\/uploads\/2024\/02\/00-Alt-Neu-1-1536x1153.jpg 1536w, http:\/\/dimbach-pfalz.de\/wp-content\/uploads\/2024\/02\/00-Alt-Neu-1-2048x1537.jpg 2048w, http:\/\/dimbach-pfalz.de\/wp-content\/uploads\/2024\/02\/00-Alt-Neu-1-400x300.jpg 400w\" sizes=\"(max-width: 1024px) 100vw, 1024px\" \/><figcaption class=\"wp-element-caption\">Aus Alt mach Neu: unser Projekt im Jahr 2020<\/figcaption><\/figure>\n\n\n\n<p class=\"has-text-align-center\">Nach unserer Renovierung der Aufenthaltsr\u00e4ume im Jahr 2018 erfolgte zwei Jahre sp\u00e4ter die Neugestaltung der K\u00fcche. Zun\u00e4chst wurde die \u00fcber 40 Jahre alte K\u00fcche ausgebaut und der K\u00fcchenraum komplett entkernt. <\/p>\n\n\n\n<figure class=\"wp-block-image size-large\"><img loading=\"lazy\" decoding=\"async\" width=\"1024\" height=\"769\" src=\"http:\/\/dimbach-pfalz.de\/wp-content\/uploads\/2024\/02\/01-Abbau-1-1024x769.jpg\" alt=\"\" class=\"wp-image-1633\" srcset=\"http:\/\/dimbach-pfalz.de\/wp-content\/uploads\/2024\/02\/01-Abbau-1-1024x769.jpg 1024w, http:\/\/dimbach-pfalz.de\/wp-content\/uploads\/2024\/02\/01-Abbau-1-300x225.jpg 300w, http:\/\/dimbach-pfalz.de\/wp-content\/uploads\/2024\/02\/01-Abbau-1-768x577.jpg 768w, http:\/\/dimbach-pfalz.de\/wp-content\/uploads\/2024\/02\/01-Abbau-1-1536x1153.jpg 1536w, http:\/\/dimbach-pfalz.de\/wp-content\/uploads\/2024\/02\/01-Abbau-1-2048x1537.jpg 2048w, http:\/\/dimbach-pfalz.de\/wp-content\/uploads\/2024\/02\/01-Abbau-1-400x300.jpg 400w\" sizes=\"(max-width: 1024px) 100vw, 1024px\" \/><\/figure>\n\n\n\n<p class=\"has-text-align-center\">Mit unz\u00e4hligen ehrenamtlichen Arbeitsstunden wurden dann eine neue Decke angebracht, die W\u00e4nde gespachtelt, ein Abluftschacht eingebaut und eine neue LED Beleuchtung eingebaut. Danach der Fliesenspiegel oberhalb der Arbeitsfl\u00e4che angebracht und die W\u00e4nde mit einem neuen Anstrich versehen. <\/p>\n\n\n\n<figure class=\"wp-block-image size-large\"><img loading=\"lazy\" decoding=\"async\" width=\"1024\" height=\"768\" src=\"http:\/\/dimbach-pfalz.de\/wp-content\/uploads\/2024\/02\/02-Abriss-1-1024x768.jpg\" alt=\"\" class=\"wp-image-1635\" srcset=\"http:\/\/dimbach-pfalz.de\/wp-content\/uploads\/2024\/02\/02-Abriss-1-1024x768.jpg 1024w, http:\/\/dimbach-pfalz.de\/wp-content\/uploads\/2024\/02\/02-Abriss-1-300x225.jpg 300w, http:\/\/dimbach-pfalz.de\/wp-content\/uploads\/2024\/02\/02-Abriss-1-768x576.jpg 768w, http:\/\/dimbach-pfalz.de\/wp-content\/uploads\/2024\/02\/02-Abriss-1-1536x1152.jpg 1536w, http:\/\/dimbach-pfalz.de\/wp-content\/uploads\/2024\/02\/02-Abriss-1-2048x1536.jpg 2048w, http:\/\/dimbach-pfalz.de\/wp-content\/uploads\/2024\/02\/02-Abriss-1-400x300.jpg 400w\" sizes=\"(max-width: 1024px) 100vw, 1024px\" \/><\/figure>\n\n\n\n<p class=\"has-text-align-center\"><p style=\"margin-bottom: 0cm; font-weight: normal\">Selbst die erschwerten Bedingungen durch Corona im Jahr 2020 konnte das Team bei der Renovierung nicht stoppen. Teils von einzelnen Personen oder in kleinen Gruppen wurden die Arbeiten stetig fortgesetzt und so Schritt f\u00fcr Schritt zum erfolgreichen Ende gebracht. <\/p><\/p>\n\n\n\n<figure class=\"wp-block-image size-large\"><img loading=\"lazy\" decoding=\"async\" width=\"1024\" height=\"768\" src=\"http:\/\/dimbach-pfalz.de\/wp-content\/uploads\/2024\/02\/03-Renovierung-1024x768.jpg\" alt=\"\" class=\"wp-image-1636\" srcset=\"http:\/\/dimbach-pfalz.de\/wp-content\/uploads\/2024\/02\/03-Renovierung-1024x768.jpg 1024w, http:\/\/dimbach-pfalz.de\/wp-content\/uploads\/2024\/02\/03-Renovierung-300x225.jpg 300w, http:\/\/dimbach-pfalz.de\/wp-content\/uploads\/2024\/02\/03-Renovierung-768x576.jpg 768w, http:\/\/dimbach-pfalz.de\/wp-content\/uploads\/2024\/02\/03-Renovierung-1536x1153.jpg 1536w, http:\/\/dimbach-pfalz.de\/wp-content\/uploads\/2024\/02\/03-Renovierung-2048x1537.jpg 2048w, http:\/\/dimbach-pfalz.de\/wp-content\/uploads\/2024\/02\/03-Renovierung-400x300.jpg 400w\" sizes=\"(max-width: 1024px) 100vw, 1024px\" \/><\/figure>\n\n\n\n<p class=\"has-text-align-center\"><p style=\"margin-bottom: 0cm; font-weight: normal\">Zu guter Letzt wurde die neue K\u00fcche dann von der Fachfirma montiert und anschlie\u00dfend mit viel Frauenpower auf Hochglanz poliert und wieder mit Inventar eingerichtet.  Mit allem notwendigen Komfort kann diese nun bei Veranstaltungen, Vereinsfeiern sowie privaten Festen bei der Nutzung des Gemeindehauses uneingeschr\u00e4nkt genutzt werden.  <\/p><\/p>\n\n\n\n<figure class=\"wp-block-image size-large\"><img loading=\"lazy\" decoding=\"async\" width=\"1024\" height=\"768\" src=\"http:\/\/dimbach-pfalz.de\/wp-content\/uploads\/2024\/02\/04-Renovierung-1024x768.jpg\" alt=\"\" class=\"wp-image-1637\" srcset=\"http:\/\/dimbach-pfalz.de\/wp-content\/uploads\/2024\/02\/04-Renovierung-1024x768.jpg 1024w, http:\/\/dimbach-pfalz.de\/wp-content\/uploads\/2024\/02\/04-Renovierung-300x225.jpg 300w, http:\/\/dimbach-pfalz.de\/wp-content\/uploads\/2024\/02\/04-Renovierung-768x576.jpg 768w, http:\/\/dimbach-pfalz.de\/wp-content\/uploads\/2024\/02\/04-Renovierung-1536x1153.jpg 1536w, http:\/\/dimbach-pfalz.de\/wp-content\/uploads\/2024\/02\/04-Renovierung-2048x1537.jpg 2048w, http:\/\/dimbach-pfalz.de\/wp-content\/uploads\/2024\/02\/04-Renovierung-400x300.jpg 400w\" sizes=\"(max-width: 1024px) 100vw, 1024px\" \/><\/figure>\n\n\n\n<p class=\"has-text-align-center\"><p style=\"margin-bottom: 0cm; font-weight: normal\">Es sei daher nochmals erw\u00e4hnt, dass die Umsetzung in dieser Form nur Dank dem gro\u00dfen Einsatz der freiwilligen Helfer m\u00f6glich gemacht werden konnte.<\/p><p style=\"margin-bottom: 0cm; font-weight: normal\">Einige Spenden f\u00fcr dieses Projekt haben ebenfalls dazu beigetragen, dass die finanziellen Aufwendungen der Gemeinde f\u00fcr die neue K\u00fcche sehr gering gehalten wurden.<\/p><p style=\"margin-bottom: 0cm; font-weight: normal\">Herzlichen Dank f\u00fcr alle Spenden und besonders unseren freiwilligen Helfern:  <\/p><p style=\"margin-bottom: 0cm; font-weight: normal\">Markus Dolde, Gerhard Funck, Walter Funck, Christof Nieder, Tobias Nohr, Philipp Dolde, sowie unserer Frauenpower Regina Dolde, Ulrike Trauth und Ute Funck.           <\/p><p style=\"margin-bottom: 0cm; font-weight: normal\"> Thomas Funck, Ortsb\u00fcrgermeister<\/p><\/p>\n\n\n\n<p><\/p>\n\n\n\n<p><\/p>\n\n\n<p style=\"text-align: center;\"><strong>Renovierung\u00a0 des\u00a0 Dorfgemeinschaftshauses<\/strong><\/p>\n<p>Im Oktober 2018 fanden \u00fcber drei Wochen im Dorfgemeinschaftshaus Renovierungsarbeiten statt. Hierbei wurden der Thekenraum, sowie der Flur und der ehemalige Schulsaal mit einem neuen Anstrich von der Fachfirma Eickert aus Darstein versehen.<img loading=\"lazy\" decoding=\"async\" class=\"wp-image-822 size-large aligncenter\" src=\"http:\/\/dimbach-pfalz.de\/wp-content\/uploads\/2017\/06\/10-Decke-1024x749.jpg\" alt=\"\" width=\"584\" height=\"427\" \/><\/p>\n<p>Zus\u00e4tzlich wurden durch freiwillige Helfer aus unserer Heimatgemeinde im Thekenraum eine neue W\u00e4rmeisolierung und eine Schallschutzdecke mit neuer LED-Beleuchtung eingebaut. Zun\u00e4chst musste dazu die mittlerweile in die Jahre gekommene alte Holzdecke entfernt werden. <img loading=\"lazy\" decoding=\"async\" class=\"alignnone wp-image-824 size-large\" src=\"http:\/\/dimbach-pfalz.de\/wp-content\/uploads\/2017\/06\/12-Decke-836x1024.jpg\" alt=\"\" width=\"584\" height=\"715\" \/>Danach wurde eine neue W\u00e4rmeisolierung eingebracht, da bisher keinerlei D\u00e4mmung vorhanden war. Mit viel technischem Know\u00adhow und vor allem dank einer professionellen Ausr\u00fcstung an Arbeitsger\u00e4ten der Helfer (vor allem von Tobias) ging es dann ans Einbringen der Deckenkonstruktion f\u00fcr die Schallschutzdecke.<img loading=\"lazy\" decoding=\"async\" class=\"alignnone wp-image-823 size-large\" src=\"http:\/\/dimbach-pfalz.de\/wp-content\/uploads\/2017\/06\/11-Decke-1024x760.jpg\" alt=\"\" width=\"584\" height=\"433\" \/> Nach einigen abendlichen Arbeitseins\u00e4tzen, die teilweise erst gegen Mitternacht endeten, war es dann endlich geschafft und die Deckenelemente konnten eingesetzt werden. Weiterhin wurde eine neue Beleuchtung eingebaut, welche nicht nur erhebliche Energieeinsparungen bringt sondern auch f\u00fcr eine optimale Raumausleuchtung sorgt. Zus\u00e4tzlich wurde an der Decke eine neue Beamerhalterung angebracht, sowie die Verkabelung dazu montiert. <img loading=\"lazy\" decoding=\"async\" class=\"alignnone wp-image-825 size-large\" src=\"http:\/\/dimbach-pfalz.de\/wp-content\/uploads\/2017\/06\/14-Decke-1024x804.jpg\" alt=\"\" width=\"584\" height=\"459\" \/>Dadurch wurde auch unser Gemeindehaus technisch auf den aktuellen Stand gebracht und ist f\u00fcr k\u00fcnftige Veranstaltungen bestens vorbereitet. Bereits bei der ersten Veranstaltung am Seniorennachmittag nach der Renovierung hat sich gezeigt, dass sich der Einbau der neuen Decke gelohnt hat und die zahlreichen ehrenamtlichen Arbeitsstunden der Helfer nicht umsonst investiert wurden. Durch diese Ma\u00dfnahme konnte nun eine deutliche Verbesserung bei der Akustik im Raum erreicht werden, was sich bei k\u00fcnftigen Veranstaltungen und Festivit\u00e4ten positiv auszahlt. Daher nochmals vielen Dank an die freiwilligen Helfer die bei der Umsetzung mitgeholfen haben ! <img loading=\"lazy\" decoding=\"async\" class=\"alignnone wp-image-826 size-large\" src=\"http:\/\/dimbach-pfalz.de\/wp-content\/uploads\/2017\/06\/15-DGH-1024x832.jpg\" alt=\"\" width=\"584\" height=\"475\" \/>Sowie das Serviceteam, welches im Anschluss die letzten Spuren der Renovierungsarbeiten im Dorfgemeinschaftshaus beseitigt hat. Ein Dankesch\u00f6n auch der Chorgemeinschafts Lug\/Dimbach f\u00fcr die Unterst\u00fctzung in Form einer Geldspende, welche f\u00fcr die Akustikdecke eingebracht wurde.<\/p>\n<p>Zum Reovierungsteam im Oktober 2018 geh\u00f6rten: Gerhard Funck, Markus Dolde, Walter Funck, Philipp, Nicolas, Jonas, Siegfried Dittrich, Johannes, Tino Wirth, Tobias Nohr und Tobias, Miriam und Christof Nieder.<\/p>\n<p>Unser anschlie\u00dfendes Serviceteam: Regina Dolde, Sonja Dittrich, Ute Funck und Claudia Funck.<\/p>\n<p style=\"text-align: center;\">Ortsb\u00fcrgermeister Thomas Funck<\/p>\n<p style=\"text-align: center;\">**********************************<\/p>\n<p style=\"text-align: center;\"><strong>Helferfest\u00a0 der\u00a0 Ortsgemeinde Dimbach im Januar 2018<\/strong><\/p>\n<p style=\"text-align: center;\">\u00a0\u00a0\u00a0\u00a0\u00a0\u00a0\u00a0 Wir sagen &#8222;Danke&#8220; f\u00fcr den ehrenamtlichen Einsatz unserer Helfer im\u00a0\u00a0\u00a0\u00a0\u00a0\u00a0\u00a0\u00a0\u00a0\u00a0\u00a0\u00a0\u00a0\u00a0\u00a0\u00a0 Jahr 2017 zum Wohle unserer Heimatgemeinde !<\/p>\n<div id=\"attachment_712\" style=\"width: 594px\" class=\"wp-caption aligncenter\"><img loading=\"lazy\" decoding=\"async\" aria-describedby=\"caption-attachment-712\" class=\"wp-image-712 size-large\" src=\"http:\/\/dimbach-pfalz.de\/wp-content\/uploads\/2017\/06\/01-Helferfest-1024x768.jpg\" alt=\"\" width=\"584\" height=\"438\" \/><p id=\"caption-attachment-712\" class=\"wp-caption-text\">Danke f\u00fcr die Unterst\u00fctzung im Jahr 2017: Walter, Herbert, Gisela, Johannes, Tobias F., Ute, Siegfried, Ralf, Emil, Philliph, Elke, Katja, Tobias, Markus und Christof. Es fehlen: Karin, Ulrike, Miriam und Elias.<\/p><\/div>\n<p style=\"text-align: center;\">***************************<\/p>\n<p><!--more--><\/p>\n<p>Auch bei der Neugestaltung der Gr\u00fcnfl\u00e4che auf dem Dorfplatz im Jahr 2016 wurde das Thema Buntsandstein aufgegriffen und zahlreiche Mitb\u00fcrger trugen bei den Arbeiten zum guten Gelingen bei.<\/p>\n<h4><img loading=\"lazy\" decoding=\"async\" class=\"alignnone wp-image-378\" src=\"http:\/\/dimbach-pfalz.de\/wp-content\/uploads\/2017\/06\/DSCF1419-300x225.jpg\" alt=\"\" width=\"271\" height=\"207\" \/><\/h4>\n<h4><img loading=\"lazy\" decoding=\"async\" class=\"wp-image-377 alignright\" src=\"http:\/\/dimbach-pfalz.de\/wp-content\/uploads\/2017\/06\/DSCF1393-300x225.jpg\" alt=\"\" width=\"270\" height=\"205\" \/>Sowohl die Planung als auch die Umsetzung wurde komplett in Eigenleistung von B\u00fcrgern unserer Ortsgemeinde durchgef\u00fchrt und lediglich die Materialkosten von der Ortsgemeinde \u00fcbernommen.\u00a0\u00a0 <img loading=\"lazy\" decoding=\"async\" class=\"wp-image-380 alignleft\" src=\"http:\/\/dimbach-pfalz.de\/wp-content\/uploads\/2017\/06\/DSCF1471-300x225.jpg\" alt=\"\" width=\"269\" height=\"204\" \/><\/h4>\n<h4><\/h4>\n<h4><!--more--><\/h4>\n<h4>Auch bei anderen Projekten in der Heimatgemeinde bringen sich unsere Mitb\u00fcrger ein. Sei es bei Arbeitseins\u00e4tzen im Ort wie z.B. bei der Pflege des Kinderspielplatzes, Waldgrillplatzes und Friedhofes, sowie bei der Unterhaltung und Pflege des Premiumwanderweges sind immer ein paar helfende H\u00e4nde zur Stelle.<\/h4>\n<p style=\"text-align: center;\">***********************<!--more--><\/p>\n<p style=\"text-align: center;\"><strong>Weitere Beispiele\u00a0 f\u00fcr\u00a0 ehrenamtliches\u00a0 Engagement\u00a0 in\u00a0 unserer\u00a0 Heimatgemeinde:<\/strong><\/p>\n<div id=\"attachment_791\" style=\"width: 594px\" class=\"wp-caption aligncenter\"><img loading=\"lazy\" decoding=\"async\" aria-describedby=\"caption-attachment-791\" class=\"wp-image-791 size-large\" src=\"http:\/\/dimbach-pfalz.de\/wp-content\/uploads\/2017\/06\/image12-1020x1024.jpg\" alt=\"\" width=\"584\" height=\"586\" srcset=\"http:\/\/dimbach-pfalz.de\/wp-content\/uploads\/2017\/06\/image12-1020x1024.jpg 1020w, http:\/\/dimbach-pfalz.de\/wp-content\/uploads\/2017\/06\/image12-150x150.jpg 150w, http:\/\/dimbach-pfalz.de\/wp-content\/uploads\/2017\/06\/image12-300x300.jpg 300w, http:\/\/dimbach-pfalz.de\/wp-content\/uploads\/2017\/06\/image12-768x771.jpg 768w, http:\/\/dimbach-pfalz.de\/wp-content\/uploads\/2017\/06\/image12-299x300.jpg 299w, http:\/\/dimbach-pfalz.de\/wp-content\/uploads\/2017\/06\/image12.jpg 1517w\" sizes=\"(max-width: 584px) 100vw, 584px\" \/><p id=\"caption-attachment-791\" class=\"wp-caption-text\">August 2018: Anbringen des Ortswappens am Dorfgemeinschaftshaus (finanziert \u00fcber Spenden)<\/p><\/div>\n<div id=\"attachment_792\" style=\"width: 594px\" class=\"wp-caption aligncenter\"><img loading=\"lazy\" decoding=\"async\" aria-describedby=\"caption-attachment-792\" class=\"wp-image-792 size-large\" src=\"http:\/\/dimbach-pfalz.de\/wp-content\/uploads\/2017\/06\/image13-1024x768.jpg\" alt=\"\" width=\"584\" height=\"438\" srcset=\"http:\/\/dimbach-pfalz.de\/wp-content\/uploads\/2017\/06\/image13-1024x768.jpg 1024w, http:\/\/dimbach-pfalz.de\/wp-content\/uploads\/2017\/06\/image13-300x225.jpg 300w, http:\/\/dimbach-pfalz.de\/wp-content\/uploads\/2017\/06\/image13-768x576.jpg 768w, http:\/\/dimbach-pfalz.de\/wp-content\/uploads\/2017\/06\/image13-400x300.jpg 400w, http:\/\/dimbach-pfalz.de\/wp-content\/uploads\/2017\/06\/image13.jpg 1632w\" sizes=\"(max-width: 584px) 100vw, 584px\" \/><p id=\"caption-attachment-792\" class=\"wp-caption-text\">Juni 2018: Reinigung des Sandfanges am &#8222;Stech&#8220;<\/p><\/div>\n<div id=\"attachment_793\" style=\"width: 594px\" class=\"wp-caption alignnone\"><img loading=\"lazy\" decoding=\"async\" aria-describedby=\"caption-attachment-793\" class=\"wp-image-793 size-large\" src=\"http:\/\/dimbach-pfalz.de\/wp-content\/uploads\/2017\/06\/image21-1024x768.jpg\" alt=\"\" width=\"584\" height=\"438\" srcset=\"http:\/\/dimbach-pfalz.de\/wp-content\/uploads\/2017\/06\/image21-1024x768.jpg 1024w, http:\/\/dimbach-pfalz.de\/wp-content\/uploads\/2017\/06\/image21-300x225.jpg 300w, http:\/\/dimbach-pfalz.de\/wp-content\/uploads\/2017\/06\/image21-768x576.jpg 768w, http:\/\/dimbach-pfalz.de\/wp-content\/uploads\/2017\/06\/image21-400x300.jpg 400w, http:\/\/dimbach-pfalz.de\/wp-content\/uploads\/2017\/06\/image21.jpg 1632w\" sizes=\"(max-width: 584px) 100vw, 584px\" \/><p id=\"caption-attachment-793\" class=\"wp-caption-text\">M\u00e4rz 2018: Die Helfer beim &#8222;P\u00e4ddelreche&#8220; auf dem Dimbacher Buntsandstein H\u00f6henweg<\/p><\/div>\n<div id=\"attachment_710\" style=\"width: 594px\" class=\"wp-caption aligncenter\"><img loading=\"lazy\" decoding=\"async\" aria-describedby=\"caption-attachment-710\" class=\"wp-image-710 size-large\" src=\"http:\/\/dimbach-pfalz.de\/wp-content\/uploads\/2017\/06\/image5-1024x765.jpeg\" alt=\"\" width=\"584\" height=\"436\" \/><p id=\"caption-attachment-710\" class=\"wp-caption-text\">August 2017: Kerweputz beim Arbeitseinsatz an der &#8222;Weed&#8220;<\/p><\/div>\n<div id=\"attachment_711\" style=\"width: 594px\" class=\"wp-caption aligncenter\"><img loading=\"lazy\" decoding=\"async\" aria-describedby=\"caption-attachment-711\" class=\"wp-image-711 size-large\" src=\"http:\/\/dimbach-pfalz.de\/wp-content\/uploads\/2017\/06\/01-2-1024x768.jpg\" alt=\"\" width=\"584\" height=\"438\" \/><p id=\"caption-attachment-711\" class=\"wp-caption-text\">M\u00e4rz 2017: Arbeitseinsatz am Dorfgemeinschaftshaus<\/p><\/div>\n<div id=\"attachment_713\" style=\"width: 594px\" class=\"wp-caption aligncenter\"><img loading=\"lazy\" decoding=\"async\" aria-describedby=\"caption-attachment-713\" class=\"wp-image-713 size-large\" src=\"http:\/\/dimbach-pfalz.de\/wp-content\/uploads\/2017\/06\/IMG_2388-1024x765.jpg\" alt=\"\" width=\"584\" height=\"436\" \/><p id=\"caption-attachment-713\" class=\"wp-caption-text\">2017 Fr\u00fchjahrsputz am Dorfplatz<\/p><\/div>\n<div id=\"attachment_383\" style=\"width: 594px\" class=\"wp-caption aligncenter\"><img loading=\"lazy\" decoding=\"async\" aria-describedby=\"caption-attachment-383\" class=\"wp-image-383 size-large\" src=\"http:\/\/dimbach-pfalz.de\/wp-content\/uploads\/2017\/06\/22-1024x765.jpeg\" alt=\"\" width=\"584\" height=\"436\" srcset=\"http:\/\/dimbach-pfalz.de\/wp-content\/uploads\/2017\/06\/22-1024x765.jpeg 1024w, http:\/\/dimbach-pfalz.de\/wp-content\/uploads\/2017\/06\/22-300x224.jpeg 300w, http:\/\/dimbach-pfalz.de\/wp-content\/uploads\/2017\/06\/22-768x574.jpeg 768w, http:\/\/dimbach-pfalz.de\/wp-content\/uploads\/2017\/06\/22-402x300.jpeg 402w, http:\/\/dimbach-pfalz.de\/wp-content\/uploads\/2017\/06\/22.jpeg 1296w\" sizes=\"(max-width: 584px) 100vw, 584px\" \/><p id=\"caption-attachment-383\" class=\"wp-caption-text\">2016 Pflege des Waldgrillplatzes<\/p><\/div>\n<div id=\"attachment_388\" style=\"width: 594px\" class=\"wp-caption aligncenter\"><img loading=\"lazy\" decoding=\"async\" aria-describedby=\"caption-attachment-388\" class=\"wp-image-388 size-large\" src=\"http:\/\/dimbach-pfalz.de\/wp-content\/uploads\/2017\/06\/IMG_1459-1024x765.jpg\" alt=\"\" width=\"584\" height=\"436\" srcset=\"http:\/\/dimbach-pfalz.de\/wp-content\/uploads\/2017\/06\/IMG_1459-1024x765.jpg 1024w, http:\/\/dimbach-pfalz.de\/wp-content\/uploads\/2017\/06\/IMG_1459-300x224.jpg 300w, http:\/\/dimbach-pfalz.de\/wp-content\/uploads\/2017\/06\/IMG_1459-768x574.jpg 768w, http:\/\/dimbach-pfalz.de\/wp-content\/uploads\/2017\/06\/IMG_1459-402x300.jpg 402w\" sizes=\"(max-width: 584px) 100vw, 584px\" \/><p id=\"caption-attachment-388\" class=\"wp-caption-text\">2016 Neues Reck auf dem Spielplatz ( finanziert \u00fcber Spende )<\/p><\/div>\n<div id=\"attachment_386\" style=\"width: 594px\" class=\"wp-caption aligncenter\"><img loading=\"lazy\" decoding=\"async\" aria-describedby=\"caption-attachment-386\" class=\"wp-image-386 size-large\" src=\"http:\/\/dimbach-pfalz.de\/wp-content\/uploads\/2017\/06\/DSCF1579-1024x768.jpg\" alt=\"\" width=\"584\" height=\"438\" srcset=\"http:\/\/dimbach-pfalz.de\/wp-content\/uploads\/2017\/06\/DSCF1579-1024x768.jpg 1024w, http:\/\/dimbach-pfalz.de\/wp-content\/uploads\/2017\/06\/DSCF1579-300x225.jpg 300w, http:\/\/dimbach-pfalz.de\/wp-content\/uploads\/2017\/06\/DSCF1579-768x576.jpg 768w, http:\/\/dimbach-pfalz.de\/wp-content\/uploads\/2017\/06\/DSCF1579-400x300.jpg 400w\" sizes=\"(max-width: 584px) 100vw, 584px\" \/><p id=\"caption-attachment-386\" class=\"wp-caption-text\">2016 Dekoration des Spielplatzes<\/p><\/div>\n<div id=\"attachment_385\" style=\"width: 594px\" class=\"wp-caption aligncenter\"><img loading=\"lazy\" decoding=\"async\" aria-describedby=\"caption-attachment-385\" class=\"wp-image-385 size-large\" src=\"http:\/\/dimbach-pfalz.de\/wp-content\/uploads\/2017\/06\/002-1024x765.jpg\" alt=\"\" width=\"584\" height=\"436\" srcset=\"http:\/\/dimbach-pfalz.de\/wp-content\/uploads\/2017\/06\/002-1024x765.jpg 1024w, http:\/\/dimbach-pfalz.de\/wp-content\/uploads\/2017\/06\/002-300x224.jpg 300w, http:\/\/dimbach-pfalz.de\/wp-content\/uploads\/2017\/06\/002-768x574.jpg 768w, http:\/\/dimbach-pfalz.de\/wp-content\/uploads\/2017\/06\/002-402x300.jpg 402w\" sizes=\"(max-width: 584px) 100vw, 584px\" \/><p id=\"caption-attachment-385\" class=\"wp-caption-text\">2016 Osterschmuck auf dem Dorfplatz<\/p><\/div>\n<div id=\"attachment_382\" style=\"width: 594px\" class=\"wp-caption aligncenter\"><img loading=\"lazy\" decoding=\"async\" aria-describedby=\"caption-attachment-382\" class=\"wp-image-382 size-large\" src=\"http:\/\/dimbach-pfalz.de\/wp-content\/uploads\/2017\/06\/DSCF9479-1024x768.jpg\" alt=\"\" width=\"584\" height=\"438\" srcset=\"http:\/\/dimbach-pfalz.de\/wp-content\/uploads\/2017\/06\/DSCF9479-1024x768.jpg 1024w, http:\/\/dimbach-pfalz.de\/wp-content\/uploads\/2017\/06\/DSCF9479-300x225.jpg 300w, http:\/\/dimbach-pfalz.de\/wp-content\/uploads\/2017\/06\/DSCF9479-768x576.jpg 768w, http:\/\/dimbach-pfalz.de\/wp-content\/uploads\/2017\/06\/DSCF9479-400x300.jpg 400w\" sizes=\"(max-width: 584px) 100vw, 584px\" \/><p id=\"caption-attachment-382\" class=\"wp-caption-text\">2015 Sitzgruppe am Dorfgemeinschaftshaus ( finanziert \u00fcber Spende )<\/p><\/div>\n<div id=\"attachment_384\" style=\"width: 970px\" class=\"wp-caption aligncenter\"><img loading=\"lazy\" decoding=\"async\" aria-describedby=\"caption-attachment-384\" class=\"wp-image-384 size-full\" src=\"http:\/\/dimbach-pfalz.de\/wp-content\/uploads\/2017\/06\/bank.jpg\" alt=\"\" width=\"960\" height=\"687\" srcset=\"http:\/\/dimbach-pfalz.de\/wp-content\/uploads\/2017\/06\/bank.jpg 960w, http:\/\/dimbach-pfalz.de\/wp-content\/uploads\/2017\/06\/bank-300x215.jpg 300w, http:\/\/dimbach-pfalz.de\/wp-content\/uploads\/2017\/06\/bank-768x550.jpg 768w, http:\/\/dimbach-pfalz.de\/wp-content\/uploads\/2017\/06\/bank-419x300.jpg 419w\" sizes=\"(max-width: 960px) 100vw, 960px\" \/><p id=\"caption-attachment-384\" class=\"wp-caption-text\">2014 Aufstellen der Bank ( finanziert \u00fcber VG )<\/p><\/div>\n<div id=\"attachment_381\" style=\"width: 594px\" class=\"wp-caption aligncenter\"><img loading=\"lazy\" decoding=\"async\" aria-describedby=\"caption-attachment-381\" class=\"wp-image-381 size-large\" src=\"http:\/\/dimbach-pfalz.de\/wp-content\/uploads\/2017\/06\/02-HB_PR-1024x787.jpg\" alt=\"\" width=\"584\" height=\"449\" srcset=\"http:\/\/dimbach-pfalz.de\/wp-content\/uploads\/2017\/06\/02-HB_PR-1024x787.jpg 1024w, http:\/\/dimbach-pfalz.de\/wp-content\/uploads\/2017\/06\/02-HB_PR-300x231.jpg 300w, http:\/\/dimbach-pfalz.de\/wp-content\/uploads\/2017\/06\/02-HB_PR-768x590.jpg 768w, http:\/\/dimbach-pfalz.de\/wp-content\/uploads\/2017\/06\/02-HB_PR-390x300.jpg 390w\" sizes=\"(max-width: 584px) 100vw, 584px\" \/><p id=\"caption-attachment-381\" class=\"wp-caption-text\">Alle Jahre wieder: &#8222;P\u00e4ddelreche&#8220; auf dem Dimbacher Buntsandstein H\u00f6henweg<\/p><\/div>\n<p>&nbsp;<\/p>\n<p>&nbsp;<\/p>\n\n\n<p><\/p>\n\n\n\n<p><\/p>\n","protected":false},"excerpt":{"rendered":"<p>K\u00fcchenrenovierung im Dorfgemeinschaftshaus Nach unserer Renovierung der Aufenthaltsr\u00e4ume im Jahr 2018 erfolgte zwei Jahre sp\u00e4ter die Neugestaltung der K\u00fcche. Zun\u00e4chst wurde die \u00fcber 40 Jahre alte K\u00fcche ausgebaut und der K\u00fcchenraum komplett entkernt. Mit unz\u00e4hligen ehrenamtlichen Arbeitsstunden wurden dann eine &hellip; <a href=\"http:\/\/dimbach-pfalz.de\/?page_id=53\">Weiterlesen <span class=\"meta-nav\">&rarr;<\/span><\/a><\/p>\n","protected":false},"author":1,"featured_media":0,"parent":42,"menu_order":1,"comment_status":"closed","ping_status":"closed","template":"","meta":{"footnotes":""},"_links":{"self":[{"href":"http:\/\/dimbach-pfalz.de\/index.php?rest_route=\/wp\/v2\/pages\/53"}],"collection":[{"href":"http:\/\/dimbach-pfalz.de\/index.php?rest_route=\/wp\/v2\/pages"}],"about":[{"href":"http:\/\/dimbach-pfalz.de\/index.php?rest_route=\/wp\/v2\/types\/page"}],"author":[{"embeddable":true,"href":"http:\/\/dimbach-pfalz.de\/index.php?rest_route=\/wp\/v2\/users\/1"}],"replies":[{"embeddable":true,"href":"http:\/\/dimbach-pfalz.de\/index.php?rest_route=%2Fwp%2Fv2%2Fcomments&post=53"}],"version-history":[{"count":18,"href":"http:\/\/dimbach-pfalz.de\/index.php?rest_route=\/wp\/v2\/pages\/53\/revisions"}],"predecessor-version":[{"id":1639,"href":"http:\/\/dimbach-pfalz.de\/index.php?rest_route=\/wp\/v2\/pages\/53\/revisions\/1639"}],"up":[{"embeddable":true,"href":"http:\/\/dimbach-pfalz.de\/index.php?rest_route=\/wp\/v2\/pages\/42"}],"wp:attachment":[{"href":"http:\/\/dimbach-pfalz.de\/index.php?rest_route=%2Fwp%2Fv2%2Fmedia&parent=53"}],"curies":[{"name":"wp","href":"https:\/\/api.w.org\/{rel}","templated":true}]}}