{"id":32,"date":"2017-02-01T04:45:02","date_gmt":"2017-02-01T04:45:02","guid":{"rendered":"http:\/\/dimbach-pfalz.de\/?page_id=32"},"modified":"2022-12-18T10:03:24","modified_gmt":"2022-12-18T10:03:24","slug":"selbstportrait","status":"publish","type":"page","link":"http:\/\/dimbach-pfalz.de\/?page_id=32","title":{"rendered":"Selbstportrait"},"content":{"rendered":"<div id=\"attachment_486\" style=\"width: 310px\" class=\"wp-caption alignright\"><img loading=\"lazy\" decoding=\"async\" aria-describedby=\"caption-attachment-486\" class=\"wp-image-486 size-medium\" src=\"http:\/\/dimbach-pfalz.de\/wp-content\/uploads\/2017\/02\/M59A3409-300x200.jpg\" alt=\"\" width=\"300\" height=\"200\" \/><p id=\"caption-attachment-486\" class=\"wp-caption-text\">Foto: Stephanie Ser<\/p><\/div>\n<p>Dimbach liegt im s\u00fcdlichen Pf\u00e4lzer Wald, am Ende eines kleinen Seitentales ohne st\u00f6renden Durchgangsverkehr. Die Ortschaft ist rings umgeben von einer bewaldeten Bergkette, auf deren Bergr\u00fccken sich zahlreiche Felsformationen befinden. Ein Ort mit viel Ruhe und Erholungsfaktor, was besonders die vielen Wander- und Kletterfreunde zu sch\u00e4tzen wissen.<\/p>\n<p>Unsere Gemeinde konnte sich Ende 2014 mit der Realisierung der Breitbandversorgung durch V-DSL mit einer \u00dcbertragungsrate bis 100 Mbit zukunftssicher aufstellen. Ein entscheidender Schritt in Zeiten von stetig ansteigender Internet-Vernetzung sowie Home Office Berufen und wachsenden Anspr\u00fcchen im t\u00e4glichen Schulleben der Kinder.<\/p>\n<p>Dies zeigt sich auch an der positiven Entwicklung des Baugebietes in unserer Gemeinde. Sowohl im Neubaugebiet, als auch im alten Ortskern durch Hausverk\u00e4ufe, haben vor allem junge Familien eine neue Heimat in Dimbach gefunden.<\/p>\n<p>Unsere kleine Gemeinde konnte so in den letzten Jahren entgegen dem allgemeinen Trend einen <strong>Einwohnerzuwachs von ca. 10 Prozent <\/strong>verbuchen und ist mit einer \u00fcberdurchschnittlichen Kinderzahl auf einem sehr positiven Weg.<\/p>\n<p><strong> Strukturdaten<\/strong><\/p>\n<h5>Einwohner\u00a0\u00a0\u00a0\u00a0\u00a0\u00a0\u00a0\u00a0\u00a0\u00a0\u00a0<strong><br \/>\n<\/strong><\/h5>\n<p>Stand\u00a0 19.12.2022:\u00a0 \u00a0\u00a0 192<\/p>\n<h6>Bev\u00f6lkerungsanteil<\/h6>\n<p>Alter\u00a0 0-17 Jahre:\u00a0 \u00a0\u00a0\u00a0\u00a0\u00a0 32<\/p>\n<p>Alter\u00a0 18-65 Jahre:\u00a0\u00a0\u00a0\u00a0\u00a0 120<\/p>\n<p>\u00dcber\u00a0 65 Jahre:\u00a0\u00a0 \u00a0 \u00a0 \u00a0\u00a0\u00a0\u00a0 40<\/p>\n<p><strong>Gemarkungsfl\u00e4che:\u00a0\u00a0\u00a0\u00a0\u00a0\u00a0\u00a0\u00a0\u00a0\u00a0\u00a0\u00a0\u00a0\u00a0\u00a0\u00a0\u00a0\u00a0\u00a0\u00a0\u00a0\u00a0\u00a0\u00a0\u00a0\u00a0\u00a0\u00a0\u00a0\u00a0\u00a0\u00a0 \u00a0\u00a0\u00a0\u00a0\u00a0\u00a0\u00a0\u00a0\u00a0\u00a0\u00a0 219 ha<\/strong><\/p>\n<p>Landwirtschaft:\u00a0\u00a0\u00a0\u00a0\u00a0\u00a0\u00a0\u00a0\u00a0\u00a0\u00a0\u00a0\u00a0\u00a0\u00a0\u00a0\u00a0\u00a0\u00a0\u00a0\u00a0\u00a0\u00a0\u00a0\u00a0\u00a0\u00a0\u00a0\u00a0\u00a0\u00a0\u00a0\u00a0\u00a0\u00a0\u00a0\u00a0\u00a0\u00a0\u00a0\u00a0 \u00a0\u00a0\u00a0\u00a0\u00a0\u00a0\u00a0\u00a0\u00a0\u00a0\u00a0 15,1%<\/p>\n<p>Wald:\u00a0\u00a0\u00a0\u00a0\u00a0\u00a0\u00a0\u00a0\u00a0\u00a0\u00a0\u00a0\u00a0\u00a0\u00a0\u00a0\u00a0\u00a0\u00a0\u00a0\u00a0\u00a0\u00a0\u00a0\u00a0\u00a0\u00a0\u00a0\u00a0\u00a0\u00a0\u00a0\u00a0\u00a0\u00a0\u00a0\u00a0\u00a0\u00a0\u00a0\u00a0\u00a0\u00a0\u00a0\u00a0\u00a0\u00a0\u00a0\u00a0\u00a0\u00a0\u00a0\u00a0\u00a0\u00a0\u00a0\u00a0 \u00a0\u00a0\u00a0\u00a0\u00a0\u00a0\u00a0\u00a0\u00a0\u00a0\u00a0 74,3%<\/p>\n<p>Siedlungs- und Verkehrsfl\u00e4che: \u00a0 \u00a0 \u00a0\u00a0\u00a0\u00a0\u00a0\u00a0\u00a0\u00a0\u00a0\u00a0\u00a0 \u00a0\u00a0\u00a0\u00a0\u00a0\u00a0\u00a0\u00a0\u00a0\u00a0\u00a0 10,6%<\/p>\n","protected":false},"excerpt":{"rendered":"<p>Dimbach liegt im s\u00fcdlichen Pf\u00e4lzer Wald, am Ende eines kleinen Seitentales ohne st\u00f6renden Durchgangsverkehr. Die Ortschaft ist rings umgeben von einer bewaldeten Bergkette, auf deren Bergr\u00fccken sich zahlreiche Felsformationen befinden. Ein Ort mit viel Ruhe und Erholungsfaktor, was besonders die &hellip; <a href=\"http:\/\/dimbach-pfalz.de\/?page_id=32\">Weiterlesen <span class=\"meta-nav\">&rarr;<\/span><\/a><\/p>\n","protected":false},"author":1,"featured_media":0,"parent":2,"menu_order":1,"comment_status":"closed","ping_status":"closed","template":"","meta":{"footnotes":""},"_links":{"self":[{"href":"http:\/\/dimbach-pfalz.de\/index.php?rest_route=\/wp\/v2\/pages\/32"}],"collection":[{"href":"http:\/\/dimbach-pfalz.de\/index.php?rest_route=\/wp\/v2\/pages"}],"about":[{"href":"http:\/\/dimbach-pfalz.de\/index.php?rest_route=\/wp\/v2\/types\/page"}],"author":[{"embeddable":true,"href":"http:\/\/dimbach-pfalz.de\/index.php?rest_route=\/wp\/v2\/users\/1"}],"replies":[{"embeddable":true,"href":"http:\/\/dimbach-pfalz.de\/index.php?rest_route=%2Fwp%2Fv2%2Fcomments&post=32"}],"version-history":[{"count":8,"href":"http:\/\/dimbach-pfalz.de\/index.php?rest_route=\/wp\/v2\/pages\/32\/revisions"}],"predecessor-version":[{"id":1506,"href":"http:\/\/dimbach-pfalz.de\/index.php?rest_route=\/wp\/v2\/pages\/32\/revisions\/1506"}],"up":[{"embeddable":true,"href":"http:\/\/dimbach-pfalz.de\/index.php?rest_route=\/wp\/v2\/pages\/2"}],"wp:attachment":[{"href":"http:\/\/dimbach-pfalz.de\/index.php?rest_route=%2Fwp%2Fv2%2Fmedia&parent=32"}],"curies":[{"name":"wp","href":"https:\/\/api.w.org\/{rel}","templated":true}]}}