{"id":1434,"date":"2022-07-12T14:06:22","date_gmt":"2022-07-12T14:06:22","guid":{"rendered":"http:\/\/dimbach-pfalz.de\/?page_id=1434"},"modified":"2024-04-08T09:34:46","modified_gmt":"2024-04-08T09:34:46","slug":"zukunfts-check-dorf","status":"publish","type":"page","link":"http:\/\/dimbach-pfalz.de\/?page_id=1434","title":{"rendered":"Zukunfts-Check Dorf"},"content":{"rendered":"\n<h2 class=\"wp-block-heading\"><strong>Sei auch Du dabei &#8211; Dimbach aktiv mitgestalten !<\/strong><\/h2>\n\n\n\n<figure class=\"wp-block-image size-large\"><img loading=\"lazy\" decoding=\"async\" width=\"724\" height=\"1024\" src=\"http:\/\/dimbach-pfalz.de\/wp-content\/uploads\/2024\/04\/24-02-27-Anschreiben-HB-Dimbach-Whatsapp-724x1024.jpg\" alt=\"\" class=\"wp-image-1659\" srcset=\"http:\/\/dimbach-pfalz.de\/wp-content\/uploads\/2024\/04\/24-02-27-Anschreiben-HB-Dimbach-Whatsapp-724x1024.jpg 724w, http:\/\/dimbach-pfalz.de\/wp-content\/uploads\/2024\/04\/24-02-27-Anschreiben-HB-Dimbach-Whatsapp-212x300.jpg 212w, http:\/\/dimbach-pfalz.de\/wp-content\/uploads\/2024\/04\/24-02-27-Anschreiben-HB-Dimbach-Whatsapp-768x1087.jpg 768w, http:\/\/dimbach-pfalz.de\/wp-content\/uploads\/2024\/04\/24-02-27-Anschreiben-HB-Dimbach-Whatsapp-1086x1536.jpg 1086w, http:\/\/dimbach-pfalz.de\/wp-content\/uploads\/2024\/04\/24-02-27-Anschreiben-HB-Dimbach-Whatsapp.jpg 1111w\" sizes=\"(max-width: 724px) 100vw, 724px\" \/><\/figure>\n\n\n\n<figure class=\"wp-block-image\"><img loading=\"lazy\" decoding=\"async\" width=\"1024\" height=\"822\" src=\"http:\/\/dimbach-pfalz.de\/wp-content\/uploads\/2022\/07\/22-07-12-Auftakt-klein-1-1024x822.jpg\" alt=\"\" class=\"wp-image-1442\" srcset=\"http:\/\/dimbach-pfalz.de\/wp-content\/uploads\/2022\/07\/22-07-12-Auftakt-klein-1-1024x822.jpg 1024w, http:\/\/dimbach-pfalz.de\/wp-content\/uploads\/2022\/07\/22-07-12-Auftakt-klein-1-300x241.jpg 300w, http:\/\/dimbach-pfalz.de\/wp-content\/uploads\/2022\/07\/22-07-12-Auftakt-klein-1-768x616.jpg 768w, http:\/\/dimbach-pfalz.de\/wp-content\/uploads\/2022\/07\/22-07-12-Auftakt-klein-1-374x300.jpg 374w\" sizes=\"(max-width: 1024px) 100vw, 1024px\" \/><figcaption class=\"wp-element-caption\">v.l.: Projektleiter Matthias Rebmann, Landr\u00e4tin Dr. Susanne Ganster <br>und Ortsb\u00fcrgermeister Thomas Funck  ( Foto Tobias Funck )   <\/figcaption><\/figure>\n\n\n\n<figure class=\"wp-block-image\"><img loading=\"lazy\" decoding=\"async\" width=\"1024\" height=\"673\" src=\"http:\/\/dimbach-pfalz.de\/wp-content\/uploads\/2022\/08\/22-08-01-Arbeitskreise_Dimbach-1024x673.jpg\" alt=\"\" class=\"wp-image-1458\" srcset=\"http:\/\/dimbach-pfalz.de\/wp-content\/uploads\/2022\/08\/22-08-01-Arbeitskreise_Dimbach-1024x673.jpg 1024w, http:\/\/dimbach-pfalz.de\/wp-content\/uploads\/2022\/08\/22-08-01-Arbeitskreise_Dimbach-300x197.jpg 300w, http:\/\/dimbach-pfalz.de\/wp-content\/uploads\/2022\/08\/22-08-01-Arbeitskreise_Dimbach-768x505.jpg 768w, http:\/\/dimbach-pfalz.de\/wp-content\/uploads\/2022\/08\/22-08-01-Arbeitskreise_Dimbach-456x300.jpg 456w, http:\/\/dimbach-pfalz.de\/wp-content\/uploads\/2022\/08\/22-08-01-Arbeitskreise_Dimbach.jpg 1676w\" sizes=\"(max-width: 1024px) 100vw, 1024px\" \/><figcaption class=\"wp-element-caption\"><strong>Die aktuell gebildeten Arbeitskreise<\/strong><\/figcaption><\/figure>\n\n\n\n<div class=\"wp-block-file\"><a id=\"wp-block-file--media-e96f4f4b-736d-4a76-bea2-a02eb4f4ca05\" href=\"http:\/\/dimbach-pfalz.de\/wp-content\/uploads\/2022\/08\/Infomappe-Zukunfts-Check-Dimbach.pdf\">Infomappe-Zukunfts-Check-Dimbach<\/a><a href=\"http:\/\/dimbach-pfalz.de\/wp-content\/uploads\/2022\/08\/Infomappe-Zukunfts-Check-Dimbach.pdf\" class=\"wp-block-file__button wp-element-button\" download aria-describedby=\"wp-block-file--media-e96f4f4b-736d-4a76-bea2-a02eb4f4ca05\">Herunterladen<\/a><\/div>\n\n\n\n<p><strong>Mit Dimbach startet die\nzweite Ortsgemeinde der Verbandsgemeinde Hauenstein das Projekt\n\u201eZukunfts-Check Dorf\u201c des Landkreises S\u00fcdwestpfalz<\/strong><\/p>\n\n\n\n<p>In der Ortsgemeinde Dimbach fand in dieser Woche die Auftaktveranstaltung f\u00fcr den \u201eZukunfts-Check Dorf\u201c statt, ein vom Innenministerium des Landes gef\u00f6rdertes Projekt, dass die teilnehmenden D\u00f6rfer des Landkreises in ihrer Entwicklung begleitet. Insgesamt 27 Interessierte waren der Einladung des Gemeinderates und Ortsb\u00fcrgermeister Thomas Funck gefolgt und fanden sich am Dienstagabend beim Dorfgemeinschaftshaus ein. In den kommenden Wochen und Monaten werden sie nun die Zukunft der Ortsgemeinde selbst aktiv mitgestalten und Strategien entwickeln, um ihr Heimatdorf als attraktiven Wohn-, Lebens- und Arbeitsstandort langfristig zu erhalten.<\/p>\n\n\n\n<p>Der Landkreis S\u00fcdwestpfalz\nist an dieser Stelle einer von zwei Landkreisen in Rheinland-Pfalz,\ndie den Zukunfts-Check Dorf momentan mit ihren Ortsgemeinden\nbestreiten und dessen inhaltliche Erkenntnisse in das ebenfalls vom\nInnenministerium gef\u00f6rderte Kreisentwicklungskonzept einflie\u00dfen\nwerden. Etwa die H\u00e4lfte der 84 Gemeinden in der S\u00fcdwestpfalz macht\nsich hierbei auf den Weg, eine \u201eDorf-Inventur\u201c durchzuf\u00fchren,\nden erhobenen Bestand zu bewerten und schlie\u00dflich aus der Mitte der\nEinwohnerinnen und Einwohner heraus Strategien und L\u00f6sungen zu\nentwickeln, um ihr eigenes Dorf zukunftssicher aufzustellen und zu\nentwickeln.<\/p>\n\n\n\n<p>Der Auftakt ist somit\ngleichzeitig das erste wichtige Signal f\u00fcr ein erh\u00f6htes\nb\u00fcrgerschaftliches Engagement, welches der Dorfcheck st\u00e4rken soll.\nDenn mit den zugeh\u00f6rigen Analysen, die von den Teilnehmenden selbst\ndurchgef\u00fchrt werden, schafft er gleichzeitig ein erh\u00f6htes\nBewusstsein f\u00fcr das eigene Dorf und tr\u00e4gt somit zur\nSelbstst\u00e4ndigkeit der Ortsgemeinden bei. Zu den grundlegenden Zielen\ndes Zukunfts-Check Dorf geh\u00f6rt aber auch, Kommunikation und\nNachbarschaft zu f\u00f6rdern und ein modernes Beteiligungsformat zu\nschaffen, das ein Mitwirken der B\u00fcrgerinnen und B\u00fcrger unabh\u00e4ngig\nvon der politischer Ebene erm\u00f6glicht: Dorfbewohnerinnen und\nDorfbewohner, die nahe am Dorf sind, sollen ihre eigenen Ideen\neinbringen.<\/p>\n\n\n\n<p>Ortsb\u00fcrgermeister Thomas Funck er\u00f6ffnete die Auftaktveranstaltung und begr\u00fc\u00dfte die anwesende Landr\u00e4tin Dr. Susanne Ganster,  sowie die 27 Teilnehmer aus der Gemeinde. Sowohl der Ortsb\u00fcrgermeister als auch die Landr\u00e4tin  zeigten die Tragweite des Projekts f\u00fcr die weitere Entwicklung des Ortes auf. Mathias Rebmann, zust\u00e4ndig f\u00fcr die Dorfentwicklung im Landkreis S\u00fcdwestpfalz, erl\u00e4uterte ausf\u00fchrlich das Konzept, mit dem die \u00f6rtlichen Chancen und Potentiale in den D\u00f6rfern erkannt werden sollen. \u201eMehr als die Vergangenheit interessiert mich die Zukunft, denn in ihr Gedenke ich zu leben\u201c, griff der Projektmanager zu Beginn der Veranstaltung ein Zitat von Albert Einstein auf, um auf die enorme Bedeutung der zuk\u00fcnftigen Entwicklung der Ortsgemeinden hinzuweisen.   <\/p>\n\n\n\n<p>Gerade Prozesse wie der\nDemographische Wandel, der Strukturwandel in der Landwirtschaft und\nnicht zuletzt die immer noch pr\u00e4senten Auswirkungen der\nCorona-Pandemie stellen viele D\u00f6rfer hierbei vor enorme\nSchwierigkeiten. Diesen Herausforderungen werden die \u00fcberwiegend\nveralteten Dorferneuerungskonzepte \u2013 soweit diese \u00fcberhaupt\nvorliegen \u2013 nicht mehr gerecht. Der Zukunfts-Check Dorf bietet\nsomit den Ortsgemeinden eine vielversprechende Gelegenheit, diese\nKonzepte aufzustellen oder fortzuschreiben und die entwickelten\nProjekte durch vielf\u00e4ltige F\u00f6rderinstrumente in die Tat umzusetzen.\n\n<\/p>\n\n\n\n<p>An dieser Stelle wurde\nzugesichert, zielf\u00fchrende Ma\u00dfnahmen in Zukunft pragmatischer\numsetzen zu k\u00f6nnen. Die Ortsgemeinden erhalten hierbei vom\nDorfentwickler, der als Berater und Unterst\u00fctzer w\u00e4hrend des\nProzesses agiert, Hinweise auf in Frage kommende F\u00f6rdert\u00f6pfe.<\/p>\n\n\n\n<p>Ein\nerster Meilenstein wurde bereits im Rahmen des interaktiven\nWorkshop-Teils  erreicht, w\u00e4hrend dessen die B\u00fcrgerinnen und B\u00fcrger\nselbst aktiv wurden und ihre Einsch\u00e4tzungen und Bewertungen zur\nOrtsgemeinde Dimbach auf einer Vielzahl an gr\u00fcnen und roten K\u00e4rtchen\nnotierten. Gerade in den Bereichen Verkehr und \u00d6PNV, Kinder- und\nJugendarbeit sowie im Bereich Bauen und Ortsentwicklung wurden\nhierbei viele Schlagw\u00f6rter festgehalten. Gearbeitet wird daher ab\nsofort in drei selbstst\u00e4ndigen Arbeitskreisen, die durch die\nKreisverwaltung betreut werden und die sich in den kommenden Wochen\nund Monaten mit den Themen \u201eBauen und Innenentwicklung\u201c,\n\u201eDorfleben und Dorfgemeinschaft\u201c sowie \u201eInfrastruktur\u201c\nauseinandersetzen werden.<\/p>\n\n\n\n<p>Auf die Frage \u201eWie stellen wir unser Dorf zukunftsf\u00e4hig auf?\u201c findet man in Dimbach also ab sofort gemeinsam Antworten und geht die Zukunft aktiv an. Nach den Sommerferien im September findet dazu ein Treffen aller Arbeitskreise statt, auf dem die entsprechenden Materialien an die Arbeitskreismitgliederinnen und \u2013mitglieder ausgeh\u00e4ndigt werden. <\/p>\n\n\n\n<p><strong>Bis dahin sind  ALLE interessierten B\u00fcrgerinnen und B\u00fcrger herzlich eingeladen, sich einem Arbeitskreis anzuschlie\u00dfen und am Projekt mitzuarbeiten.<\/strong> <\/p>\n\n\n\n<p>Am Ende des Prozesses steht schlie\u00dflich ein selbst fortgeschriebenes oder neu aufgestelltes Dorferneuerungskonzept zu Buche, das wesentlich g\u00fcnstiger als die Bearbeitung durch ein beauftragtes Ingenieurb\u00fcro ist. Vor allem aber wurden die der Einwohnerinnen und Einwohner, die auch privat von den aufgezeigten F\u00f6rdermitteln profitieren k\u00f6nnen, als Expertinnen und Experten aktiv in den Prozess mit eingebunden. Bevor der Zukunfts-Check Dorf in rund neun bis zw\u00f6lf Monaten mit der Fertigstellung des Dorferneuerungskonzeptes endet, steht nun der gemeinsame Austausch in den Arbeitskreisen auf dem Programm.<\/p>\n\n\n\n<p><\/p>\n\n\n\n<h2 class=\"wp-block-heading\">Einladung zur Auftaktveranstaltung des Projekts \u201eZukunfts-Check Dorf\u201c <\/h2>\n\n\n\n<p><strong>Sehr geehrte B\u00fcrgerinnen und B\u00fcrger unserer Heimatgemeinde Dimbach, <\/strong><\/p>\n\n\n\n<p><strong>nicht nur durch die Folgen der Corona-Pandemie stehen viele \nD\u00f6rfer in der gesamten Bundesrepublik Deutschland vor gro\u00dfen \nHerausforderungen. Besonders der gesellschaftliche sowie der soziale \nWandel bereiten vielen D\u00f6rfern massive Probleme und hemmen diese in \nihrer Entwicklung. Die un\u00fcbersehbaren Folgen sind \u00dcberalterung, die \nzunehmende Abwanderung von jungen Menschen, die Zunahme von Leerst\u00e4nden \nsowie der R\u00fcckgang des ehrenamtlichen Engagements. Auch an unserer \nOrtsgemeinde gehen diese Entwicklungen leider nicht spurlos vorbei. Um \ndiesen Problemen jedoch entgegenzuwirken und die zuk\u00fcnftigen \nHerausforderungen gemeinsam anzugehen, haben wir beschlossen, am \nZukunfts-Check Dorf teilzunehmen, um gemeinsam eine zukunftsf\u00e4hige \nStrategie f\u00fcr die Entwicklung unseres Dorfes zu erarbeiten.<br> Der \n\u201eZukunfts-Check Dorf\u201c ist ein vom Innenministerium des Landes \nRheinland-Pfalz gef\u00f6rdertes Projekt, das in verschiedenen Landkreisen in\n Rheinland-Pfalz durchgef\u00fchrt wird und die teilnehmenden D\u00f6rfer in ihrer\n Entwicklung begleitet. Der gesamte Dorfentwicklungsprozess wird dabei \nbetreut und begleitet von der Kreisverwaltung des Landkreises \nS\u00fcdwestpfalz. Gemeinsam mit Ihnen \u2013 den B\u00fcrgerinnen und B\u00fcrgern unserer \nOrtsgemeinde \u2013 wird im Rahmen einer Dorf-Inventur mit Hilfe von \nvorgefertigten Erhebungsb\u00f6gen der Bestand in unserem Dorf erhoben und \ndieser im Hinblick auf den zuk\u00fcnftigen Bedarf bewertet. Danach werden \nwir konkrete Ma\u00dfnahmen entwickeln, die in einem Ma\u00dfnahmenkatalog \nfestgehalten und in einem Ma\u00dfnahmenplan visualisiert werden. Somit \nwerden also Chancen und Potentiale f\u00fcr unsere Ortsgemeinde \nherausgearbeitet, um schlie\u00dflich eine zukunftsf\u00e4hige \nEntwicklungsstrategie zu generieren.<br>Der Zukunfts-Check Dorf bietet \nalso eine gro\u00dfe Chance, die Zukunft unseres Dorfes gemeinsam positiv zu \ngestalten und neue Impulse zu setzen. Um die oben genannten Ziele zu \nerreichen, ist es uns sehr wichtig, Ihre Ideen und Vorstellungen in die \nEntwicklung unserer Ortsgemeinde miteinflie\u00dfen zu lassen. Wir laden Sie \ndaher herzlich ein, mit uns in den Dialog zu treten und uns mitzuteilen,\n was Sie sich f\u00fcr unsere Ortsgemeinde w\u00fcnschen.<br>Wir freuen uns auf Ihre Teilnahme bei unserer Auftaktveranstaltung. <\/strong><\/p>\n\n\n\n<p><strong>Ihr<\/strong> <strong>Gemeinderat Dimbach und Ortsb\u00fcrgermeister Thomas Funck<\/strong><\/p>\n","protected":false},"excerpt":{"rendered":"<p>Sei auch Du dabei &#8211; Dimbach aktiv mitgestalten ! Mit Dimbach startet die zweite Ortsgemeinde der Verbandsgemeinde Hauenstein das Projekt \u201eZukunfts-Check Dorf\u201c des Landkreises S\u00fcdwestpfalz In der Ortsgemeinde Dimbach fand in dieser Woche die Auftaktveranstaltung f\u00fcr den \u201eZukunfts-Check Dorf\u201c statt, &hellip; <a href=\"http:\/\/dimbach-pfalz.de\/?page_id=1434\">Weiterlesen <span class=\"meta-nav\">&rarr;<\/span><\/a><\/p>\n","protected":false},"author":2,"featured_media":0,"parent":0,"menu_order":0,"comment_status":"closed","ping_status":"closed","template":"","meta":{"footnotes":""},"_links":{"self":[{"href":"http:\/\/dimbach-pfalz.de\/index.php?rest_route=\/wp\/v2\/pages\/1434"}],"collection":[{"href":"http:\/\/dimbach-pfalz.de\/index.php?rest_route=\/wp\/v2\/pages"}],"about":[{"href":"http:\/\/dimbach-pfalz.de\/index.php?rest_route=\/wp\/v2\/types\/page"}],"author":[{"embeddable":true,"href":"http:\/\/dimbach-pfalz.de\/index.php?rest_route=\/wp\/v2\/users\/2"}],"replies":[{"embeddable":true,"href":"http:\/\/dimbach-pfalz.de\/index.php?rest_route=%2Fwp%2Fv2%2Fcomments&post=1434"}],"version-history":[{"count":19,"href":"http:\/\/dimbach-pfalz.de\/index.php?rest_route=\/wp\/v2\/pages\/1434\/revisions"}],"predecessor-version":[{"id":1661,"href":"http:\/\/dimbach-pfalz.de\/index.php?rest_route=\/wp\/v2\/pages\/1434\/revisions\/1661"}],"wp:attachment":[{"href":"http:\/\/dimbach-pfalz.de\/index.php?rest_route=%2Fwp%2Fv2%2Fmedia&parent=1434"}],"curies":[{"name":"wp","href":"https:\/\/api.w.org\/{rel}","templated":true}]}}