{"id":126,"date":"2015-06-01T06:06:00","date_gmt":"2015-06-01T06:06:00","guid":{"rendered":"http:\/\/dimbach-pfalz.de\/?page_id=126"},"modified":"2021-03-21T08:26:26","modified_gmt":"2021-03-21T08:26:26","slug":"wandern-in-der-region","status":"publish","type":"page","link":"http:\/\/dimbach-pfalz.de\/?page_id=126","title":{"rendered":"Wandern in der Region"},"content":{"rendered":"<p>&#8222;Sieben auf einen Streich&#8220; lautete das Motto als man im Jahre 2013 die Premiumwanderwege offiziell er\u00f6ffnete.<\/p>\n<p>Die sch\u00f6nsten Buntsandsteinfelsen &#8211; die sch\u00f6nsten Pfade.<\/p>\n<p>Der Dimbacher Buntsandstein-H\u00f6henweg,\u00a0die Hinterweidenthaler Teufelstisch-Tour, die Geiersteine-Tour bei Lug,\u00a0die Spirkelbacher H\u00f6llenberg-Tour,\u00a0der Rimbach Steig rund um Darstein und Schwanheim, der Wilgartswieser Biosph\u00e4ren-Pfad sowie der Hauensteiner Schusterpfad stehen f\u00fcr h\u00f6chsten Wandergenuss in unserer Region.<\/p>\n<p>Weiterhin findet der Wanderer den Pr\u00e4dikats-Weitwanderweg\u00a0 &#8222;Pf\u00e4lzer Waldpfad&#8220;, sowie gepflegte und hervorragend ausgeschilderte Wege und Pfade vor.<\/p>\n<div id=\"teaser\">\n<div class=\"teaser\">Zahlreiche H\u00fctten im Pf\u00e4lzerwald, sowie die Waldgastst\u00e4tten laden zur Einkehr ein. Die sind am Wochenende und in der Regel Mittwoch\u00b4s ge\u00f6ffnet, liegen entlang der Wanderwege eingebettet in den Pf\u00e4lzerwald und laden mit deftiger Pf\u00e4lzer K\u00fcche zu einer entspannten Rast ein.<\/div>\n<\/div>\n<div class=\"teaser\">\u00a0<\/div>\n<p><!--more--><\/p>\n<div class=\"teaser\">Weitere Informationen erh\u00e4lt man beim Tourismusb\u00fcro Hauenstein, sowie auf der Homepage der Verbandsgemeinde Hauenstein:<\/div>\n<div class=\"teaser\">\u00a0<\/div>\n<div class=\"teaser\"><a href=\"https:\/\/www.urlaubsregion-hauenstein.de\/\">https:\/\/www.urlaubsregion-hauenstein.de\/<\/a><\/div>\n<div>\u00a0<\/div>\n<div>\u00a0<\/div>\n<div style=\"text-align: center;\"><span style=\"color: #ff0000;\">Leider ist in unserer kleinen Gemeinde das Parkplatzangebot aktuell sehr begrenzt und freie Pl\u00e4tze werden am Wochenende oft zur Mangelware.<\/span><\/div>\n<div style=\"text-align: center;\"><span style=\"color: #ff0000;\">Es gibt weder Parkgeb\u00fchren noch vorgeschriebene Haltezonen.<\/span><\/div>\n<div style=\"text-align: center;\"><span style=\"color: #ff0000;\"><strong>Bitte nehmen Sie deshalb R\u00fccksicht auf private <span style=\"color: #ff0000;\">Einfahrten und halten sie f\u00fcr Rettungsfahrzeuge die Stra\u00dfen frei !<\/span><\/strong><span style=\"color: #ff0000;\"> <br \/><\/span><\/span><\/div>\n<div style=\"text-align: center;\"><span style=\"color: #ff0000;\">Enge Stra\u00dfenstellen und versperrte Waldwege bedeuten im Ernstfall den entscheidenten Zeitverlust in Notf\u00e4llen und auch Sie als Gast k\u00f6nnten davon betroffen sein.<\/span><\/div>\n<div style=\"text-align: center;\"><span style=\"color: #ff0000;\">\u00a0 <strong>Die B\u00fcrgerinnen und B\u00fcrger unserer Heimatgemeinde danken es Ihnen !<\/strong><span style=\"color: #ff0000;\"><strong> <br \/><\/strong><\/span><\/span><\/div>\n<div style=\"text-align: center;\">\u00a0<\/div>\n\n\n<p><\/p>\n","protected":false},"excerpt":{"rendered":"<p>&#8222;Sieben auf einen Streich&#8220; lautete das Motto als man im Jahre 2013 die Premiumwanderwege offiziell er\u00f6ffnete. Die sch\u00f6nsten Buntsandsteinfelsen &#8211; die sch\u00f6nsten Pfade. Der Dimbacher Buntsandstein-H\u00f6henweg,\u00a0die Hinterweidenthaler Teufelstisch-Tour, die Geiersteine-Tour bei Lug,\u00a0die Spirkelbacher H\u00f6llenberg-Tour,\u00a0der Rimbach Steig rund um Darstein und &hellip; <a href=\"http:\/\/dimbach-pfalz.de\/?page_id=126\">Weiterlesen <span class=\"meta-nav\">&rarr;<\/span><\/a><\/p>\n","protected":false},"author":1,"featured_media":0,"parent":91,"menu_order":3,"comment_status":"closed","ping_status":"closed","template":"","meta":{"footnotes":""},"_links":{"self":[{"href":"http:\/\/dimbach-pfalz.de\/index.php?rest_route=\/wp\/v2\/pages\/126"}],"collection":[{"href":"http:\/\/dimbach-pfalz.de\/index.php?rest_route=\/wp\/v2\/pages"}],"about":[{"href":"http:\/\/dimbach-pfalz.de\/index.php?rest_route=\/wp\/v2\/types\/page"}],"author":[{"embeddable":true,"href":"http:\/\/dimbach-pfalz.de\/index.php?rest_route=\/wp\/v2\/users\/1"}],"replies":[{"embeddable":true,"href":"http:\/\/dimbach-pfalz.de\/index.php?rest_route=%2Fwp%2Fv2%2Fcomments&post=126"}],"version-history":[{"count":8,"href":"http:\/\/dimbach-pfalz.de\/index.php?rest_route=\/wp\/v2\/pages\/126\/revisions"}],"predecessor-version":[{"id":1369,"href":"http:\/\/dimbach-pfalz.de\/index.php?rest_route=\/wp\/v2\/pages\/126\/revisions\/1369"}],"up":[{"embeddable":true,"href":"http:\/\/dimbach-pfalz.de\/index.php?rest_route=\/wp\/v2\/pages\/91"}],"wp:attachment":[{"href":"http:\/\/dimbach-pfalz.de\/index.php?rest_route=%2Fwp%2Fv2%2Fmedia&parent=126"}],"curies":[{"name":"wp","href":"https:\/\/api.w.org\/{rel}","templated":true}]}}