{"id":124,"date":"2016-06-01T06:05:27","date_gmt":"2016-06-01T06:05:27","guid":{"rendered":"http:\/\/dimbach-pfalz.de\/?page_id=124"},"modified":"2019-02-10T16:45:14","modified_gmt":"2019-02-10T16:45:14","slug":"museumsscheune","status":"publish","type":"page","link":"http:\/\/dimbach-pfalz.de\/?page_id=124","title":{"rendered":"Museumsscheune"},"content":{"rendered":"<p>Im Jahre 2014 wurde diese privat gef\u00fchrte Museumsscheune neu er\u00f6ffnet. Sie bietet einen<\/p>\n<div id=\"attachment_448\" style=\"width: 212px\" class=\"wp-caption alignright\"><img loading=\"lazy\" decoding=\"async\" aria-describedby=\"caption-attachment-448\" class=\"wp-image-448 size-medium\" src=\"http:\/\/dimbach-pfalz.de\/wp-content\/uploads\/2017\/06\/HPIM6362-202x300.jpg\" alt=\"\" width=\"202\" height=\"300\" \/><p id=\"caption-attachment-448\" class=\"wp-caption-text\">Ortsb\u00fcrgermeister Funck gratuliert zur Er\u00f6ffnung 2014 (Foto: Ute Funck)<\/p><\/div>\n<p>Einblick \u00fcber das fr\u00fchere Leben in Dimbach und ist mit einer einmaligen Sammlung an alten Ger\u00e4tschaften und Haushaltsgegenst\u00e4nden aus den letzten Jahrhunderten best\u00fcckt.<\/p>\n<p>Zus\u00e4tzlich gibt es eine Vielzahl an alten Bilddokumenten\u00a0 aus und \u00fcber unseren Heimatort.<\/p>\n<p>An Festveranstaltungen in der Ortsgemeinde Dimbach oder nach pers\u00f6nlicher Terminabsprache kann das Kulturgut besichtigt werden.<\/p>\n<p>Ansprechpartner: Tino Wirth, Tel.: 06392-2113<\/p>\n<p>&nbsp;<\/p>\n<div id=\"attachment_450\" style=\"width: 594px\" class=\"wp-caption aligncenter\"><img loading=\"lazy\" decoding=\"async\" aria-describedby=\"caption-attachment-450\" class=\"wp-image-450 size-large\" src=\"http:\/\/dimbach-pfalz.de\/wp-content\/uploads\/2017\/06\/IMG_4066-1024x768.jpg\" alt=\"\" width=\"584\" height=\"438\" \/><p id=\"caption-attachment-450\" class=\"wp-caption-text\">Er\u00f6ffnung Museumsscheune 2014 (Foto: Thomas Funck)<\/p><\/div>\n<div id=\"attachment_449\" style=\"width: 594px\" class=\"wp-caption aligncenter\"><img loading=\"lazy\" decoding=\"async\" aria-describedby=\"caption-attachment-449\" class=\"wp-image-449 size-large\" src=\"http:\/\/dimbach-pfalz.de\/wp-content\/uploads\/2017\/06\/IMG_0290-1024x768.jpg\" alt=\"\" width=\"584\" height=\"438\" \/><p id=\"caption-attachment-449\" class=\"wp-caption-text\">Historische Gegenst\u00e4nde und Bilder (Foto: Thomas Funck)<\/p><\/div>\n<div id=\"attachment_451\" style=\"width: 594px\" class=\"wp-caption aligncenter\"><img loading=\"lazy\" decoding=\"async\" aria-describedby=\"caption-attachment-451\" class=\"wp-image-451 size-large\" src=\"http:\/\/dimbach-pfalz.de\/wp-content\/uploads\/2017\/06\/IMG_4153-1024x768.jpg\" alt=\"\" width=\"584\" height=\"438\" \/><p id=\"caption-attachment-451\" class=\"wp-caption-text\">Historische Gegenst\u00e4nde und Bilder (Foto: Thomas Funck)<\/p><\/div>\n","protected":false},"excerpt":{"rendered":"<p>Im Jahre 2014 wurde diese privat gef\u00fchrte Museumsscheune neu er\u00f6ffnet. Sie bietet einen Einblick \u00fcber das fr\u00fchere Leben in Dimbach und ist mit einer einmaligen Sammlung an alten Ger\u00e4tschaften und Haushaltsgegenst\u00e4nden aus den letzten Jahrhunderten best\u00fcckt. Zus\u00e4tzlich gibt es eine &hellip; <a href=\"http:\/\/dimbach-pfalz.de\/?page_id=124\">Weiterlesen <span class=\"meta-nav\">&rarr;<\/span><\/a><\/p>\n","protected":false},"author":1,"featured_media":0,"parent":91,"menu_order":2,"comment_status":"closed","ping_status":"closed","template":"","meta":{"footnotes":""},"_links":{"self":[{"href":"http:\/\/dimbach-pfalz.de\/index.php?rest_route=\/wp\/v2\/pages\/124"}],"collection":[{"href":"http:\/\/dimbach-pfalz.de\/index.php?rest_route=\/wp\/v2\/pages"}],"about":[{"href":"http:\/\/dimbach-pfalz.de\/index.php?rest_route=\/wp\/v2\/types\/page"}],"author":[{"embeddable":true,"href":"http:\/\/dimbach-pfalz.de\/index.php?rest_route=\/wp\/v2\/users\/1"}],"replies":[{"embeddable":true,"href":"http:\/\/dimbach-pfalz.de\/index.php?rest_route=%2Fwp%2Fv2%2Fcomments&post=124"}],"version-history":[{"count":4,"href":"http:\/\/dimbach-pfalz.de\/index.php?rest_route=\/wp\/v2\/pages\/124\/revisions"}],"predecessor-version":[{"id":921,"href":"http:\/\/dimbach-pfalz.de\/index.php?rest_route=\/wp\/v2\/pages\/124\/revisions\/921"}],"up":[{"embeddable":true,"href":"http:\/\/dimbach-pfalz.de\/index.php?rest_route=\/wp\/v2\/pages\/91"}],"wp:attachment":[{"href":"http:\/\/dimbach-pfalz.de\/index.php?rest_route=%2Fwp%2Fv2%2Fmedia&parent=124"}],"curies":[{"name":"wp","href":"https:\/\/api.w.org\/{rel}","templated":true}]}}